{"id":14,"date":"2018-04-13T15:18:41","date_gmt":"2018-04-13T12:18:41","guid":{"rendered":"http:\/\/nayttelyt.arshame.com\/emmeolleetyksi\/?page_id=14"},"modified":"2021-02-23T12:20:10","modified_gmt":"2021-02-23T10:20:10","slug":"etusivu","status":"publish","type":"page","link":"https:\/\/nayttelyt.arshame.com\/emmeolleetyksi\/","title":{"rendered":"Emme olleet yksi"},"content":{"rendered":"<h4>Sis\u00e4llissodan heijastumia nykytaiteessa<\/h4>\n<h4><strong>1.7.\u20137.9.2018<\/strong><\/h4>\n<p><em>Tervetuloa avajaisiin lauantaina 30.6. klo 16\u201318.<\/em><\/p>\n<p><strong>Edwina Goldstone, Sirpa Haapaoja, Maija Helasvuo, Hanna Holma, Ahti Isom\u00e4ki, Olli Isom\u00e4ki, Mika Karhu, Satu Kiuru, Anna Kolehmainen, Riitta Kopra, Teemu Korpela, Reijo K\u00e4rkk\u00e4inen, Olli Larjo, Salla Laurinolli, Sampo Malin, Jari M\u00e4nnist\u00f6, Mikko My\u00f6h\u00e4nen&amp;Simo Ripatti, Pilvi Ojala, Meri Peura, Kukka Pitk\u00e4nen, Jouko Pullinen, Simo Ripatti, Heli Ryh\u00e4nen, Elina Salonen, Minna Suoniemi, Anne Tamminen, Vilja Tamminen, Anssi Taulu, Jaakko Tornberg, Anniina Vainionp\u00e4\u00e4, Mika Vesalahti, Jana Vyborna-Turunen.<\/strong><\/p>\n<h4><strong>Riihim\u00e4en vanha lasitehdas<\/strong><\/h4>\n<p>Lasitehtaanaukio 2, 11910 Riihim\u00e4ki<\/p>\n<h4><strong>Avoinna ke\u2013su 12\u201318<\/strong><\/h4>\n<p>Taiteiden y\u00f6n\u00e4 7.9. avoinna klo 12\u201322<\/p>\n<p><em>Emme olleet yksi <\/em>on n\u00e4yttely, joka k\u00e4sittelee sis\u00e4llissodan heijastumia yhteiskuntaamme nykyp\u00e4iv\u00e4n\u00e4.<\/p>\n<p>Monimutkainen maailmamme koetaan hyvin monin eri tavoin. N\u00e4it\u00e4 eroja meid\u00e4n on kyett\u00e4v\u00e4 yh\u00e4 laajemmassa mieless\u00e4 ymm\u00e4rt\u00e4m\u00e4\u00e4n. Katsoja voi l\u00e4hesty\u00e4 n\u00e4yttely\u00e4 pohtimalla kysymyksi\u00e4 siit\u00e4, miten kehit\u00e4mme yhteiskuntaamme oikeudenmukaisempaan ja tasa-arvoisempaan suuntaan historiaamme unohtamatta.<\/p>\n<p>N\u00e4yttelyn kuraattoreina ovat toimineet kuvataiteilija, taiteen tohtori <strong>Mika Karhu<\/strong>, kuvanveist\u00e4j\u00e4 <strong>Olli Larjo<\/strong> ja taidegraafikko, taiteen tohtori <strong>Jouko Pullinen<\/strong>.<\/p>\n<p>Yhteisty\u00f6ss\u00e4 Ars-H\u00e4me ry ja Riihim\u00e4en kaupunki<\/p>\n<p>Kiitos G-Capital Oy<\/p>\n","protected":false},"excerpt":{"rendered":"<p>Sis\u00e4llissodan heijastumia nykytaiteessa 1.7.\u20137.9.2018 Tervetuloa avajaisiin lauantaina 30.6. klo 16\u201318. Edwina Goldstone, Sirpa Haapaoja, Maija Helasvuo, Hanna Holma, Ahti Isom\u00e4ki, Olli Isom\u00e4ki, Mika Karhu, Satu Kiuru, Anna Kolehmainen, Riitta Kopra, <a href=\"https:\/\/nayttelyt.arshame.com\/emmeolleetyksi\/\" class=\"more-link\">[&hellip;]<\/a><\/p>\n","protected":false},"author":1,"featured_media":0,"parent":0,"menu_order":0,"comment_status":"closed","ping_status":"closed","template":"","meta":{"Layout":"","footnotes":""},"class_list":["entry","author-emmeolleetyksi","post-14","page","type-page","status-publish"],"_links":{"self":[{"href":"https:\/\/nayttelyt.arshame.com\/emmeolleetyksi\/wp-json\/wp\/v2\/pages\/14","targetHints":{"allow":["GET"]}}],"collection":[{"href":"https:\/\/nayttelyt.arshame.com\/emmeolleetyksi\/wp-json\/wp\/v2\/pages"}],"about":[{"href":"https:\/\/nayttelyt.arshame.com\/emmeolleetyksi\/wp-json\/wp\/v2\/types\/page"}],"author":[{"embeddable":true,"href":"https:\/\/nayttelyt.arshame.com\/emmeolleetyksi\/wp-json\/wp\/v2\/users\/1"}],"replies":[{"embeddable":true,"href":"https:\/\/nayttelyt.arshame.com\/emmeolleetyksi\/wp-json\/wp\/v2\/comments?post=14"}],"version-history":[{"count":56,"href":"https:\/\/nayttelyt.arshame.com\/emmeolleetyksi\/wp-json\/wp\/v2\/pages\/14\/revisions"}],"predecessor-version":[{"id":1304,"href":"https:\/\/nayttelyt.arshame.com\/emmeolleetyksi\/wp-json\/wp\/v2\/pages\/14\/revisions\/1304"}],"wp:attachment":[{"href":"https:\/\/nayttelyt.arshame.com\/emmeolleetyksi\/wp-json\/wp\/v2\/media?parent=14"}],"curies":[{"name":"wp","href":"https:\/\/api.w.org\/{rel}","templated":true}]}}