{"id":226,"date":"2018-05-04T16:35:23","date_gmt":"2018-05-04T13:35:23","guid":{"rendered":"http:\/\/nayttelyt.arshame.com\/emmeolleetyksi\/?page_id=226"},"modified":"2018-06-14T13:09:59","modified_gmt":"2018-06-14T10:09:59","slug":"goldstone-edwina","status":"publish","type":"page","link":"https:\/\/nayttelyt.arshame.com\/emmeolleetyksi\/goldstone-edwina\/","title":{"rendered":"Goldstone Edwina"},"content":{"rendered":"<figure id=\"attachment_1021\" aria-describedby=\"caption-attachment-1021\" style=\"width: 300px\" class=\"wp-caption alignleft\"><a href=\"https:\/\/nayttelyt.arshame.com\/emmeolleetyksi\/wp-content\/uploads\/2018\/06\/Goldstone2.jpg\" target=\"_blank\" rel=\"noopener\"><img loading=\"lazy\" decoding=\"async\" class=\"wp-image-1021 size-medium\" src=\"https:\/\/nayttelyt.arshame.com\/emmeolleetyksi\/wp-content\/uploads\/2018\/06\/Goldstone2-300x225.jpg\" alt=\"\" width=\"300\" height=\"225\" srcset=\"https:\/\/nayttelyt.arshame.com\/emmeolleetyksi\/wp-content\/uploads\/2018\/06\/Goldstone2-300x225.jpg 300w, https:\/\/nayttelyt.arshame.com\/emmeolleetyksi\/wp-content\/uploads\/2018\/06\/Goldstone2-768x576.jpg 768w, https:\/\/nayttelyt.arshame.com\/emmeolleetyksi\/wp-content\/uploads\/2018\/06\/Goldstone2-1024x768.jpg 1024w, https:\/\/nayttelyt.arshame.com\/emmeolleetyksi\/wp-content\/uploads\/2018\/06\/Goldstone2-175x131.jpg 175w, https:\/\/nayttelyt.arshame.com\/emmeolleetyksi\/wp-content\/uploads\/2018\/06\/Goldstone2-667x500.jpg 667w, https:\/\/nayttelyt.arshame.com\/emmeolleetyksi\/wp-content\/uploads\/2018\/06\/Goldstone2.jpg 1500w\" sizes=\"auto, (max-width: 300px) 100vw, 300px\" \/><\/a><figcaption id=\"caption-attachment-1021\" class=\"wp-caption-text\"><strong>People of The Land<\/strong><\/figcaption><\/figure>\n<p align=\"LEFT\"><strong>Edwina Goldstonen<\/strong> tuotanto liittyy kiinte\u00e4sti piirt\u00e4miseen, mutta kattaa monia tekotapoja veistosinstallaatioista maalauksiin, piirroksiin, linssin avulla tuotettuun mediaan, tapahtumataiteeseen ja yhteiskunnallisiin taideprojekteihin. H\u00e4nell\u00e4 on monikulttuurinen tausta ja h\u00e4n on matkustanut ja asunut useissa eri maissa. H\u00e4n tutkii identiteetin, muistin ja maantieteellisen mielikuvituksen v\u00e4lisi\u00e4 yhteyksi\u00e4, aloittaen usein arkkityyppisest\u00e4 kuvasta tai esineest\u00e4. H\u00e4n hakee ajatuksia, jotka liittyv\u00e4t muistiin ja kulttuuriseen tunnistamiseen. H\u00e4nt\u00e4 kiinnostaa kysymys, kuinka me el\u00e4mme ja erityisesti se, miten havainnoimme el\u00e4m\u00e4\u00e4mme. T\u00e4m\u00e4 tulee todeksi arjessa, joka liian usein kulkee ohi huomiotta kaiken kiireen keskell\u00e4. H\u00e4nt\u00e4 kiinnostaa sellainen taide, jossa on vakavalla tavalla mahdollisuus tunteiden jakamiseen, vaikka itse taideteos perustuisikin kulttuuri-ilmi\u00f6iden toisen k\u00e4den kokemuksiin. Ty\u00f6t limittyv\u00e4t vaihtoehtoisiin todellisuuksiin, joita syntyy kun \u201dkuviteltu\u201d (k\u00e4sin tehty), \u201dtodellinen\u201d ja \u201dhistoriallinen\u201d yhdistyv\u00e4t.<\/p>\n<p align=\"LEFT\">(taiteilijan tekstist\u00e4 k\u00e4\u00e4nn\u00f6s Timo Nieminen\/M\u00e4nt\u00e4n kuvataideviikot)<\/p>\n<p><a href=\"http:\/\/www.edwinagoldst.one\" target=\"_blank\" rel=\"noopener\">www.edwinagoldst.one<\/a><\/p>\n<figure id=\"attachment_1026\" aria-describedby=\"caption-attachment-1026\" style=\"width: 1024px\" class=\"wp-caption alignnone\"><a href=\"https:\/\/nayttelyt.arshame.com\/emmeolleetyksi\/wp-content\/uploads\/2018\/06\/Goldstone.jpg\" target=\"_blank\" rel=\"noopener\"><img loading=\"lazy\" decoding=\"async\" class=\"wp-image-1026 size-large\" src=\"https:\/\/nayttelyt.arshame.com\/emmeolleetyksi\/wp-content\/uploads\/2018\/06\/Goldstone-1024x392.jpg\" alt=\"\" width=\"1024\" height=\"392\" srcset=\"https:\/\/nayttelyt.arshame.com\/emmeolleetyksi\/wp-content\/uploads\/2018\/06\/Goldstone-1024x392.jpg 1024w, https:\/\/nayttelyt.arshame.com\/emmeolleetyksi\/wp-content\/uploads\/2018\/06\/Goldstone-300x115.jpg 300w, https:\/\/nayttelyt.arshame.com\/emmeolleetyksi\/wp-content\/uploads\/2018\/06\/Goldstone-768x294.jpg 768w, https:\/\/nayttelyt.arshame.com\/emmeolleetyksi\/wp-content\/uploads\/2018\/06\/Goldstone-1025x392.jpg 1025w, https:\/\/nayttelyt.arshame.com\/emmeolleetyksi\/wp-content\/uploads\/2018\/06\/Goldstone.jpg 1500w\" sizes=\"auto, (max-width: 1024px) 100vw, 1024px\" \/><\/a><figcaption id=\"caption-attachment-1026\" class=\"wp-caption-text\"><strong>People of The Land<\/strong><\/figcaption><\/figure>\n","protected":false},"excerpt":{"rendered":"<p>Edwina Goldstonen tuotanto liittyy kiinte\u00e4sti piirt\u00e4miseen, mutta kattaa monia tekotapoja veistosinstallaatioista maalauksiin, piirroksiin, linssin avulla tuotettuun mediaan, tapahtumataiteeseen ja yhteiskunnallisiin taideprojekteihin. H\u00e4nell\u00e4 on monikulttuurinen tausta ja h\u00e4n on matkustanut ja <a href=\"https:\/\/nayttelyt.arshame.com\/emmeolleetyksi\/goldstone-edwina\/\" class=\"more-link\">[&hellip;]<\/a><\/p>\n","protected":false},"author":1,"featured_media":534,"parent":0,"menu_order":0,"comment_status":"closed","ping_status":"closed","template":"","meta":{"Layout":"","footnotes":""},"class_list":["entry","author-emmeolleetyksi","post-226","page","type-page","status-publish","has-post-thumbnail"],"_links":{"self":[{"href":"https:\/\/nayttelyt.arshame.com\/emmeolleetyksi\/wp-json\/wp\/v2\/pages\/226","targetHints":{"allow":["GET"]}}],"collection":[{"href":"https:\/\/nayttelyt.arshame.com\/emmeolleetyksi\/wp-json\/wp\/v2\/pages"}],"about":[{"href":"https:\/\/nayttelyt.arshame.com\/emmeolleetyksi\/wp-json\/wp\/v2\/types\/page"}],"author":[{"embeddable":true,"href":"https:\/\/nayttelyt.arshame.com\/emmeolleetyksi\/wp-json\/wp\/v2\/users\/1"}],"replies":[{"embeddable":true,"href":"https:\/\/nayttelyt.arshame.com\/emmeolleetyksi\/wp-json\/wp\/v2\/comments?post=226"}],"version-history":[{"count":15,"href":"https:\/\/nayttelyt.arshame.com\/emmeolleetyksi\/wp-json\/wp\/v2\/pages\/226\/revisions"}],"predecessor-version":[{"id":1042,"href":"https:\/\/nayttelyt.arshame.com\/emmeolleetyksi\/wp-json\/wp\/v2\/pages\/226\/revisions\/1042"}],"wp:featuredmedia":[{"embeddable":true,"href":"https:\/\/nayttelyt.arshame.com\/emmeolleetyksi\/wp-json\/wp\/v2\/media\/534"}],"wp:attachment":[{"href":"https:\/\/nayttelyt.arshame.com\/emmeolleetyksi\/wp-json\/wp\/v2\/media?parent=226"}],"curies":[{"name":"wp","href":"https:\/\/api.w.org\/{rel}","templated":true}]}}