{"id":232,"date":"2018-05-04T16:35:56","date_gmt":"2018-05-04T13:35:56","guid":{"rendered":"http:\/\/nayttelyt.arshame.com\/emmeolleetyksi\/?page_id=232"},"modified":"2018-06-14T13:08:57","modified_gmt":"2018-06-14T10:08:57","slug":"holma-hanna","status":"publish","type":"page","link":"https:\/\/nayttelyt.arshame.com\/emmeolleetyksi\/holma-hanna\/","title":{"rendered":"Holma Hanna"},"content":{"rendered":"<p><em>Teosparini n\u00e4yttelyss\u00e4 k\u00e4sittelee ihmisen vastuuta\u00a0omista puheista ja teoista,\u00a0harkinnan t\u00e4rkeytt\u00e4 siin\u00e4 mit\u00e4 kukin omalta osaltaan p\u00e4\u00e4st\u00e4\u00e4, l\u00e4hett\u00e4\u00e4 ja v\u00e4litt\u00e4\u00e4 eteenp\u00e4in. N\u00e4in\u00e4 aikoina, kun ilma v\u00e4lill\u00e4 tuntuu olevan sakeana kiivaista, poukkoilevista puheista ja niiden aikaansaamista ketjureaktioista, teosten teema tuntuu yleisell\u00e4 tasolla jopa ajankohtaisemmalta kuin silloin kun ne on tehty.\u00a0<\/em><\/p>\n<p><strong>Hanna\u00a0Holma<\/strong>\u00a0(s. 1967 Oulussa) on Helsingiss\u00e4 asuva ja ty\u00f6skentelev\u00e4 taidegraafikko. H\u00e4n valmistui taiteen maisteriksi Taideteollisesta korkeakoulusta vuonna 1996 ja teki lopputy\u00f6ns\u00e4 Kuvataideakatemian taidegrafiikan laitoksella.\u00a0Holma\u00a0on pit\u00e4nyt s\u00e4\u00e4nn\u00f6llisesti yksityisn\u00e4yttelyit\u00e4 ja osallistunut yhteis- ja ryhm\u00e4n\u00e4yttelyihin Suomessa ja ulkomailla. H\u00e4nen teoksiaan on mm. Suomen valtion, Suomen eduskunnan, Rovaniemen Taidemuseon ja Oulun Taidemuseon kokoelmissa.<\/p>\n<p><a href=\"http:\/\/www.hannaholma.net\" target=\"_blank\" rel=\"noopener\">www.hannaholma.net<\/a><\/p>\n<figure id=\"attachment_1034\" aria-describedby=\"caption-attachment-1034\" style=\"width: 700px\" class=\"wp-caption alignnone\"><a href=\"https:\/\/nayttelyt.arshame.com\/emmeolleetyksi\/wp-content\/uploads\/2018\/06\/Holma_houkuttava.jpg\" target=\"_blank\" rel=\"noopener\"><img loading=\"lazy\" decoding=\"async\" class=\"wp-image-1034 size-full\" src=\"https:\/\/nayttelyt.arshame.com\/emmeolleetyksi\/wp-content\/uploads\/2018\/06\/Holma_houkuttava.jpg\" alt=\"\" width=\"700\" height=\"521\" srcset=\"https:\/\/nayttelyt.arshame.com\/emmeolleetyksi\/wp-content\/uploads\/2018\/06\/Holma_houkuttava.jpg 700w, https:\/\/nayttelyt.arshame.com\/emmeolleetyksi\/wp-content\/uploads\/2018\/06\/Holma_houkuttava-300x223.jpg 300w, https:\/\/nayttelyt.arshame.com\/emmeolleetyksi\/wp-content\/uploads\/2018\/06\/Holma_houkuttava-175x131.jpg 175w, https:\/\/nayttelyt.arshame.com\/emmeolleetyksi\/wp-content\/uploads\/2018\/06\/Holma_houkuttava-672x500.jpg 672w\" sizes=\"auto, (max-width: 700px) 100vw, 700px\" \/><\/a><figcaption id=\"caption-attachment-1034\" class=\"wp-caption-text\"><strong>Houkuttava helpotuksen\u00a0hana: Varo! Myrkky\u00e4 et saa ker\u00e4tty\u00e4 takaisin.<\/strong><br \/>2010. monotypia. 120x160cm<\/figcaption><\/figure>\n","protected":false},"excerpt":{"rendered":"<p>Teosparini n\u00e4yttelyss\u00e4 k\u00e4sittelee ihmisen vastuuta\u00a0omista puheista ja teoista,\u00a0harkinnan t\u00e4rkeytt\u00e4 siin\u00e4 mit\u00e4 kukin omalta osaltaan p\u00e4\u00e4st\u00e4\u00e4, l\u00e4hett\u00e4\u00e4 ja v\u00e4litt\u00e4\u00e4 eteenp\u00e4in. N\u00e4in\u00e4 aikoina, kun ilma v\u00e4lill\u00e4 tuntuu olevan sakeana kiivaista, poukkoilevista puheista <a href=\"https:\/\/nayttelyt.arshame.com\/emmeolleetyksi\/holma-hanna\/\" class=\"more-link\">[&hellip;]<\/a><\/p>\n","protected":false},"author":1,"featured_media":540,"parent":0,"menu_order":0,"comment_status":"closed","ping_status":"closed","template":"","meta":{"Layout":"","footnotes":""},"class_list":["entry","author-emmeolleetyksi","post-232","page","type-page","status-publish","has-post-thumbnail"],"_links":{"self":[{"href":"https:\/\/nayttelyt.arshame.com\/emmeolleetyksi\/wp-json\/wp\/v2\/pages\/232","targetHints":{"allow":["GET"]}}],"collection":[{"href":"https:\/\/nayttelyt.arshame.com\/emmeolleetyksi\/wp-json\/wp\/v2\/pages"}],"about":[{"href":"https:\/\/nayttelyt.arshame.com\/emmeolleetyksi\/wp-json\/wp\/v2\/types\/page"}],"author":[{"embeddable":true,"href":"https:\/\/nayttelyt.arshame.com\/emmeolleetyksi\/wp-json\/wp\/v2\/users\/1"}],"replies":[{"embeddable":true,"href":"https:\/\/nayttelyt.arshame.com\/emmeolleetyksi\/wp-json\/wp\/v2\/comments?post=232"}],"version-history":[{"count":9,"href":"https:\/\/nayttelyt.arshame.com\/emmeolleetyksi\/wp-json\/wp\/v2\/pages\/232\/revisions"}],"predecessor-version":[{"id":1041,"href":"https:\/\/nayttelyt.arshame.com\/emmeolleetyksi\/wp-json\/wp\/v2\/pages\/232\/revisions\/1041"}],"wp:featuredmedia":[{"embeddable":true,"href":"https:\/\/nayttelyt.arshame.com\/emmeolleetyksi\/wp-json\/wp\/v2\/media\/540"}],"wp:attachment":[{"href":"https:\/\/nayttelyt.arshame.com\/emmeolleetyksi\/wp-json\/wp\/v2\/media?parent=232"}],"curies":[{"name":"wp","href":"https:\/\/api.w.org\/{rel}","templated":true}]}}