{"id":245,"date":"2018-05-04T16:37:00","date_gmt":"2018-05-04T13:37:00","guid":{"rendered":"http:\/\/nayttelyt.arshame.com\/emmeolleetyksi\/?page_id=245"},"modified":"2018-06-14T13:32:33","modified_gmt":"2018-06-14T10:32:33","slug":"kopra-riitta","status":"publish","type":"page","link":"https:\/\/nayttelyt.arshame.com\/emmeolleetyksi\/kopra-riitta\/","title":{"rendered":"Kopra Riitta"},"content":{"rendered":"<p><strong><a href=\"https:\/\/nayttelyt.arshame.com\/emmeolleetyksi\/wp-content\/uploads\/2018\/06\/kopra_omakuv.jpg\" target=\"_blank\" rel=\"noopener\"><img loading=\"lazy\" decoding=\"async\" class=\"alignleft wp-image-1060 size-medium\" src=\"https:\/\/nayttelyt.arshame.com\/emmeolleetyksi\/wp-content\/uploads\/2018\/06\/kopra_omakuv-168x300.jpg\" alt=\"\" width=\"168\" height=\"300\" \/><\/a>Riitta Kopra<\/strong> (s.1982 Hollola) asuu ja ty\u00f6skentelee H\u00e4meenlinnassa Rengossa. H\u00e4n valmistui Kuvataideakatemiasta v. 2016 kuvataiteen maisteriksi. H\u00e4n on Suomen Kuvanveist\u00e4j\u00e4liiton sek\u00e4 Ars-H\u00e4me ry:n j\u00e4sen.<\/p>\n<p><a href=\"http:\/\/riittakopra.nettisivu.org\" target=\"_blank\" rel=\"noopener\">riittakopra.nettisivu.org<\/a><\/p>\n","protected":false},"excerpt":{"rendered":"<p>Riitta Kopra (s.1982 Hollola) asuu ja ty\u00f6skentelee H\u00e4meenlinnassa Rengossa. H\u00e4n valmistui Kuvataideakatemiasta v. 2016 kuvataiteen maisteriksi. H\u00e4n on Suomen Kuvanveist\u00e4j\u00e4liiton sek\u00e4 Ars-H\u00e4me ry:n j\u00e4sen. riittakopra.nettisivu.org<\/p>\n","protected":false},"author":1,"featured_media":776,"parent":0,"menu_order":0,"comment_status":"closed","ping_status":"closed","template":"","meta":{"Layout":"","footnotes":""},"class_list":["entry","author-emmeolleetyksi","post-245","page","type-page","status-publish","has-post-thumbnail"],"_links":{"self":[{"href":"https:\/\/nayttelyt.arshame.com\/emmeolleetyksi\/wp-json\/wp\/v2\/pages\/245","targetHints":{"allow":["GET"]}}],"collection":[{"href":"https:\/\/nayttelyt.arshame.com\/emmeolleetyksi\/wp-json\/wp\/v2\/pages"}],"about":[{"href":"https:\/\/nayttelyt.arshame.com\/emmeolleetyksi\/wp-json\/wp\/v2\/types\/page"}],"author":[{"embeddable":true,"href":"https:\/\/nayttelyt.arshame.com\/emmeolleetyksi\/wp-json\/wp\/v2\/users\/1"}],"replies":[{"embeddable":true,"href":"https:\/\/nayttelyt.arshame.com\/emmeolleetyksi\/wp-json\/wp\/v2\/comments?post=245"}],"version-history":[{"count":4,"href":"https:\/\/nayttelyt.arshame.com\/emmeolleetyksi\/wp-json\/wp\/v2\/pages\/245\/revisions"}],"predecessor-version":[{"id":1063,"href":"https:\/\/nayttelyt.arshame.com\/emmeolleetyksi\/wp-json\/wp\/v2\/pages\/245\/revisions\/1063"}],"wp:featuredmedia":[{"embeddable":true,"href":"https:\/\/nayttelyt.arshame.com\/emmeolleetyksi\/wp-json\/wp\/v2\/media\/776"}],"wp:attachment":[{"href":"https:\/\/nayttelyt.arshame.com\/emmeolleetyksi\/wp-json\/wp\/v2\/media?parent=245"}],"curies":[{"name":"wp","href":"https:\/\/api.w.org\/{rel}","templated":true}]}}