{"id":253,"date":"2018-05-04T16:37:33","date_gmt":"2018-05-04T13:37:33","guid":{"rendered":"http:\/\/nayttelyt.arshame.com\/emmeolleetyksi\/?page_id=253"},"modified":"2018-06-14T13:39:38","modified_gmt":"2018-06-14T10:39:38","slug":"larjo-olli","status":"publish","type":"page","link":"https:\/\/nayttelyt.arshame.com\/emmeolleetyksi\/larjo-olli\/","title":{"rendered":"Larjo Olli"},"content":{"rendered":"<p>Punaiset ja valkoiset on teos, joka liittyy lapsuuteeni ja kokemukseen siit\u00e4, ett\u00e4 oli olemassa viel\u00e4 juopa ihmisten v\u00e4lill\u00e4. Asuin silloin pienell\u00e4 kyll\u00e4 ja aistin eriarvoisuuden ja sellaisen ristiriidan. Elin kuitenkin pienen pojan el\u00e4m\u00e4\u00e4 ja tein lennokkeja&#8230;<\/p>\n<hr \/>\n<p><em>Kertomus siit\u00e4, kun olin lapsi<\/em><\/p>\n<p><em>Niin<\/em><br \/>\n<em>olin kiivennyt sinne jo aiemmin<\/em><br \/>\n<em>T\u00e4n\u00e4\u00e4n olin taitellut paperista lentokoneita<\/em><br \/>\n<em>Sellaisia ruutupaperista tehtyj\u00e4<\/em><br \/>\n<em>Syreenin alta tikapuille ja siit\u00e4 r\u00e4yst\u00e4\u00e4lle<\/em><br \/>\n<em>Sitten yl\u00f6s punaisia kattotiili\u00e4 pitkin katonharjalle<\/em><br \/>\n<em>Sielt\u00e4 avartui koko maailma<\/em><br \/>\n<em>N\u00e4in pellon ja mets\u00e4n.<\/em><br \/>\n<em>Heitin k\u00e4sist\u00e4ni taittelemani lennokit<\/em><br \/>\n<em>Saivat tuulta siipiens\u00e4 alle<\/em><br \/>\n<em>Yksi kerrallaan ne lensiv\u00e4t maailman \u00e4\u00e4riniitylle yli pellon ja mets\u00e4n<\/em><br \/>\n<em>Siivet vapisten<\/em><br \/>\n<em>Silloin oli kes\u00e4<\/em><br \/>\n<em>Kattotiilet punaisia<\/em><br \/>\n<em>Jaloissa kiersi veri<\/em><br \/>\n<em>Lennokit valkoisia<\/em><br \/>\n<em>Kaikki oli tulossa<\/em><br \/>\n<em>Ja min\u00e4 olin lapsi<\/em><\/p>\n<p>Olli Larjo. 2004.<\/p>\n<hr \/>\n<p><strong>Olli Larjo<\/strong> ( S. 1964 Kuhmoisissa ) asuu ja ty\u00f6skentelee H\u00e4meenlinnassa. H\u00e4n on opiskellut Taideteollinen korkeakoulussa, keramiikka- ja lasitaiteen laitoksella sek\u00e4 Kuopion k\u00e4si- ja taideteollisuusoppilaitoksessa. Larjon materiaaleja ovat mm. puu, pronssi ja keramiikka. H\u00e4n on j\u00e4rjest\u00e4nyt useita yksityisn\u00e4yttelyit\u00e4 sek\u00e4 osallistunut yhteis- ja ryhm\u00e4n\u00e4yttelyihin Suomessa ja ulkomailla. Julkisia teoksia h\u00e4n on toteuttanut sek\u00e4 Auringon piiriss\u00e4 -ty\u00f6ryhm\u00e4n j\u00e4senen\u00e4 (yhdess\u00e4 Anssi Taulun ja Olli Jalosen kanssa) ett\u00e4 itsen\u00e4isesti. Larjo on ollut mukana j\u00e4rjest\u00e4m\u00e4ss\u00e4 my\u00f6s lukuisia performanssiesityksi\u00e4: mm. Sumea shakki -esitykset yhdess\u00e4 Anssi Taulun kanssa. Larjo on tehnyt pitk\u00e4n uran taideopettajana Aimokoulussa (H\u00e4meenlinnan lasten ja nuorten kuvataidekoulu) sek\u00e4 mm. Wetterhoffilla (HAMK) ja Hyvink\u00e4\u00e4n taidekoulussa (Hyria). H\u00e4n on Suomen kuvanveist\u00e4j\u00e4liiton, Ars-H\u00e4me ry:n, Siperian Valimo ry:n sek\u00e4 H\u00e4meenlinnan Taiteilijaseura ry:n j\u00e4sen.<\/p>\n<figure id=\"attachment_1072\" aria-describedby=\"caption-attachment-1072\" style=\"width: 784px\" class=\"wp-caption alignnone\"><a href=\"https:\/\/nayttelyt.arshame.com\/emmeolleetyksi\/wp-content\/uploads\/2018\/06\/Larjo_kuva_punaiset_ja_valkoiset.jpg\" target=\"_blank\" rel=\"noopener\"><img loading=\"lazy\" decoding=\"async\" class=\"wp-image-1072 size-full\" src=\"https:\/\/nayttelyt.arshame.com\/emmeolleetyksi\/wp-content\/uploads\/2018\/06\/Larjo_kuva_punaiset_ja_valkoiset.jpg\" alt=\"\" width=\"784\" height=\"536\" srcset=\"https:\/\/nayttelyt.arshame.com\/emmeolleetyksi\/wp-content\/uploads\/2018\/06\/Larjo_kuva_punaiset_ja_valkoiset.jpg 784w, https:\/\/nayttelyt.arshame.com\/emmeolleetyksi\/wp-content\/uploads\/2018\/06\/Larjo_kuva_punaiset_ja_valkoiset-300x205.jpg 300w, https:\/\/nayttelyt.arshame.com\/emmeolleetyksi\/wp-content\/uploads\/2018\/06\/Larjo_kuva_punaiset_ja_valkoiset-768x525.jpg 768w, https:\/\/nayttelyt.arshame.com\/emmeolleetyksi\/wp-content\/uploads\/2018\/06\/Larjo_kuva_punaiset_ja_valkoiset-731x500.jpg 731w\" sizes=\"auto, (max-width: 784px) 100vw, 784px\" \/><\/a><figcaption id=\"caption-attachment-1072\" class=\"wp-caption-text\"><strong>Punaiset ja valkoiset<\/strong><\/figcaption><\/figure>\n","protected":false},"excerpt":{"rendered":"<p>Punaiset ja valkoiset on teos, joka liittyy lapsuuteeni ja kokemukseen siit\u00e4, ett\u00e4 oli olemassa viel\u00e4 juopa ihmisten v\u00e4lill\u00e4. Asuin silloin pienell\u00e4 kyll\u00e4 ja aistin eriarvoisuuden ja sellaisen ristiriidan. Elin kuitenkin <a href=\"https:\/\/nayttelyt.arshame.com\/emmeolleetyksi\/larjo-olli\/\" class=\"more-link\">[&hellip;]<\/a><\/p>\n","protected":false},"author":1,"featured_media":777,"parent":0,"menu_order":0,"comment_status":"closed","ping_status":"closed","template":"","meta":{"Layout":"","footnotes":""},"class_list":["entry","author-emmeolleetyksi","post-253","page","type-page","status-publish","has-post-thumbnail"],"_links":{"self":[{"href":"https:\/\/nayttelyt.arshame.com\/emmeolleetyksi\/wp-json\/wp\/v2\/pages\/253","targetHints":{"allow":["GET"]}}],"collection":[{"href":"https:\/\/nayttelyt.arshame.com\/emmeolleetyksi\/wp-json\/wp\/v2\/pages"}],"about":[{"href":"https:\/\/nayttelyt.arshame.com\/emmeolleetyksi\/wp-json\/wp\/v2\/types\/page"}],"author":[{"embeddable":true,"href":"https:\/\/nayttelyt.arshame.com\/emmeolleetyksi\/wp-json\/wp\/v2\/users\/1"}],"replies":[{"embeddable":true,"href":"https:\/\/nayttelyt.arshame.com\/emmeolleetyksi\/wp-json\/wp\/v2\/comments?post=253"}],"version-history":[{"count":10,"href":"https:\/\/nayttelyt.arshame.com\/emmeolleetyksi\/wp-json\/wp\/v2\/pages\/253\/revisions"}],"predecessor-version":[{"id":1073,"href":"https:\/\/nayttelyt.arshame.com\/emmeolleetyksi\/wp-json\/wp\/v2\/pages\/253\/revisions\/1073"}],"wp:featuredmedia":[{"embeddable":true,"href":"https:\/\/nayttelyt.arshame.com\/emmeolleetyksi\/wp-json\/wp\/v2\/media\/777"}],"wp:attachment":[{"href":"https:\/\/nayttelyt.arshame.com\/emmeolleetyksi\/wp-json\/wp\/v2\/media?parent=253"}],"curies":[{"name":"wp","href":"https:\/\/api.w.org\/{rel}","templated":true}]}}