{"id":273,"date":"2018-05-04T16:40:07","date_gmt":"2018-05-04T13:40:07","guid":{"rendered":"http:\/\/nayttelyt.arshame.com\/emmeolleetyksi\/?page_id=273"},"modified":"2018-07-06T11:50:22","modified_gmt":"2018-07-06T08:50:22","slug":"ryhanen-heli","status":"publish","type":"page","link":"https:\/\/nayttelyt.arshame.com\/emmeolleetyksi\/ryhanen-heli\/","title":{"rendered":"Ryh\u00e4nen Heli"},"content":{"rendered":"<p><em>&#8221;Teoksessani Monstera Deliciosa villiintyneet huonekasvit valtaavat tilaa. Kasvit vaappuvat ilmajuurijaloillaan, kun tuoliin piirtyy muisto ihmisest\u00e4; muumio josta kasvit kasvavat l\u00e4vitse.<\/em><\/p>\n<p><em>N\u00e4kym\u00e4 voisi olla historiallinen, mutta se peilautuu my\u00f6s nykyhetkeen: omaisuudesta ja oikeuksista pidet\u00e4\u00e4n kiinni. Saavutetuista eduista ei luovuta!&#8221;<\/em><\/p>\n<p>Kuvanveist\u00e4j\u00e4 Heli Ryh\u00e4nen<br \/>\n<a href=\"http:\/\/www.heliryhanen.fi\/\">www.heliryhanen.fi<\/a><\/p>\n<figure id=\"attachment_1097\" aria-describedby=\"caption-attachment-1097\" style=\"width: 1024px\" class=\"wp-caption alignnone\"><a href=\"https:\/\/nayttelyt.arshame.com\/emmeolleetyksi\/wp-content\/uploads\/2018\/07\/IMG_20180625_141346-Medium.jpg\" target=\"_blank\" rel=\"noopener\"><img loading=\"lazy\" decoding=\"async\" class=\"wp-image-1097 size-large\" src=\"https:\/\/nayttelyt.arshame.com\/emmeolleetyksi\/wp-content\/uploads\/2018\/07\/IMG_20180625_141346-Medium-1024x512.jpg\" alt=\"\" width=\"1024\" height=\"512\" srcset=\"https:\/\/nayttelyt.arshame.com\/emmeolleetyksi\/wp-content\/uploads\/2018\/07\/IMG_20180625_141346-Medium-1024x512.jpg 1024w, https:\/\/nayttelyt.arshame.com\/emmeolleetyksi\/wp-content\/uploads\/2018\/07\/IMG_20180625_141346-Medium-300x150.jpg 300w, https:\/\/nayttelyt.arshame.com\/emmeolleetyksi\/wp-content\/uploads\/2018\/07\/IMG_20180625_141346-Medium-768x384.jpg 768w, https:\/\/nayttelyt.arshame.com\/emmeolleetyksi\/wp-content\/uploads\/2018\/07\/IMG_20180625_141346-Medium-1000x500.jpg 1000w, https:\/\/nayttelyt.arshame.com\/emmeolleetyksi\/wp-content\/uploads\/2018\/07\/IMG_20180625_141346-Medium.jpg 1366w\" sizes=\"auto, (max-width: 1024px) 100vw, 1024px\" \/><\/a><figcaption id=\"caption-attachment-1097\" class=\"wp-caption-text\">Kuva: Mika Karhu<\/figcaption><\/figure>\n","protected":false},"excerpt":{"rendered":"<p>&#8221;Teoksessani Monstera Deliciosa villiintyneet huonekasvit valtaavat tilaa. Kasvit vaappuvat ilmajuurijaloillaan, kun tuoliin piirtyy muisto ihmisest\u00e4; muumio josta kasvit kasvavat l\u00e4vitse. N\u00e4kym\u00e4 voisi olla historiallinen, mutta se peilautuu my\u00f6s nykyhetkeen: omaisuudesta <a href=\"https:\/\/nayttelyt.arshame.com\/emmeolleetyksi\/ryhanen-heli\/\" class=\"more-link\">[&hellip;]<\/a><\/p>\n","protected":false},"author":1,"featured_media":0,"parent":0,"menu_order":0,"comment_status":"closed","ping_status":"closed","template":"","meta":{"Layout":"","footnotes":""},"class_list":["entry","author-emmeolleetyksi","post-273","page","type-page","status-publish"],"_links":{"self":[{"href":"https:\/\/nayttelyt.arshame.com\/emmeolleetyksi\/wp-json\/wp\/v2\/pages\/273","targetHints":{"allow":["GET"]}}],"collection":[{"href":"https:\/\/nayttelyt.arshame.com\/emmeolleetyksi\/wp-json\/wp\/v2\/pages"}],"about":[{"href":"https:\/\/nayttelyt.arshame.com\/emmeolleetyksi\/wp-json\/wp\/v2\/types\/page"}],"author":[{"embeddable":true,"href":"https:\/\/nayttelyt.arshame.com\/emmeolleetyksi\/wp-json\/wp\/v2\/users\/1"}],"replies":[{"embeddable":true,"href":"https:\/\/nayttelyt.arshame.com\/emmeolleetyksi\/wp-json\/wp\/v2\/comments?post=273"}],"version-history":[{"count":8,"href":"https:\/\/nayttelyt.arshame.com\/emmeolleetyksi\/wp-json\/wp\/v2\/pages\/273\/revisions"}],"predecessor-version":[{"id":1099,"href":"https:\/\/nayttelyt.arshame.com\/emmeolleetyksi\/wp-json\/wp\/v2\/pages\/273\/revisions\/1099"}],"wp:attachment":[{"href":"https:\/\/nayttelyt.arshame.com\/emmeolleetyksi\/wp-json\/wp\/v2\/media?parent=273"}],"curies":[{"name":"wp","href":"https:\/\/api.w.org\/{rel}","templated":true}]}}