{"id":335,"date":"2018-05-04T17:04:39","date_gmt":"2018-05-04T14:04:39","guid":{"rendered":"http:\/\/nayttelyt.arshame.com\/emmeolleetyksi\/?page_id=335"},"modified":"2018-06-05T10:49:01","modified_gmt":"2018-06-05T07:49:01","slug":"taiteilijat","status":"publish","type":"page","link":"https:\/\/nayttelyt.arshame.com\/emmeolleetyksi\/taiteilijat\/","title":{"rendered":"Taiteilijat"},"content":{"rendered":"<p><a href=\"https:\/\/nayttelyt.arshame.com\/emmeolleetyksi\/goldstone-edwina\/\">Goldstone Edwina<\/a><br \/>\n<a href=\"https:\/\/nayttelyt.arshame.com\/emmeolleetyksi\/haapaoja-sirpa\/\">Haapaoja Sirpa<\/a><br \/>\n<a href=\"https:\/\/nayttelyt.arshame.com\/emmeolleetyksi\/helasvuo-maija\/\">Helasvuo Maija<\/a><br \/>\n<a href=\"https:\/\/nayttelyt.arshame.com\/emmeolleetyksi\/holma-hanna\/\">Holma Hanna<\/a><br \/>\n<a href=\"https:\/\/nayttelyt.arshame.com\/emmeolleetyksi\/isomaki-ahti\/\">Isom\u00e4ki Ahti<\/a><br \/>\n<a href=\"https:\/\/nayttelyt.arshame.com\/emmeolleetyksi\/isomaki-olli\/\">Isom\u00e4ki Olli<\/a><br \/>\n<a href=\"https:\/\/nayttelyt.arshame.com\/emmeolleetyksi\/karhu-mika\/\">Karhu Mika<\/a><br \/>\n<a href=\"https:\/\/nayttelyt.arshame.com\/emmeolleetyksi\/karkkainen-reijo\/\">K\u00e4rkk\u00e4inen Reijo<\/a><br \/>\n<a href=\"https:\/\/nayttelyt.arshame.com\/emmeolleetyksi\/kiuru-satu\/\">Kiuru Satu<\/a><br \/>\n<a href=\"https:\/\/nayttelyt.arshame.com\/emmeolleetyksi\/kolehmainen-anna\/\">Kolehmainen Anna<\/a><br \/>\n<a href=\"https:\/\/nayttelyt.arshame.com\/emmeolleetyksi\/kopra-riitta\/\">Kopra Riitta<\/a><br \/>\n<a href=\"https:\/\/nayttelyt.arshame.com\/emmeolleetyksi\/korpela-teemu\/\">Korpela Teemu<\/a><br \/>\n<a href=\"https:\/\/nayttelyt.arshame.com\/emmeolleetyksi\/larjo-olli\/\">Larjo Olli<\/a><br \/>\n<a href=\"https:\/\/nayttelyt.arshame.com\/emmeolleetyksi\/laurinolli-salla\/\">Laurinolli Salla<\/a><br \/>\n<a href=\"https:\/\/nayttelyt.arshame.com\/emmeolleetyksi\/malin-sampo\/\">Malin Sampo<\/a><br \/>\n<a href=\"https:\/\/nayttelyt.arshame.com\/emmeolleetyksi\/mannisto-jari\/\">M\u00e4nnist\u00f6 Jari<\/a><br \/>\n<a href=\"https:\/\/nayttelyt.arshame.com\/emmeolleetyksi\/myohanen-mikko-ripatti-simo\/\">My\u00f6h\u00e4nen Mikko &#038; Ripatti Simo<\/a><br \/>\n<a href=\"https:\/\/nayttelyt.arshame.com\/emmeolleetyksi\/ojala-pilvi\/\">Ojala Pilvi<\/a><br \/>\n<a href=\"https:\/\/nayttelyt.arshame.com\/emmeolleetyksi\/peura-meri\/\">Peura Meri<\/a><br \/>\n<a href=\"https:\/\/nayttelyt.arshame.com\/emmeolleetyksi\/pitkanen-kukka\/\">Pitk\u00e4nen Kukka<\/a><br \/>\n<a href=\"https:\/\/nayttelyt.arshame.com\/emmeolleetyksi\/pullinen-jouko\/\">Pullinen Jouko<\/a><br \/>\n<a href=\"https:\/\/nayttelyt.arshame.com\/emmeolleetyksi\/ripatti-simo\/\">Ripatti Simo<\/a><br \/>\n<a href=\"https:\/\/nayttelyt.arshame.com\/emmeolleetyksi\/ryhanen-heli\/\">Ryh\u00e4nen Heli<\/a><br \/>\n<a href=\"https:\/\/nayttelyt.arshame.com\/emmeolleetyksi\/salonen-elina\/\">Salonen Elina<\/a><br \/>\n<a href=\"https:\/\/nayttelyt.arshame.com\/emmeolleetyksi\/suoniemi-minna\/\">Suoniemi Minna<\/a><br \/>\n<a href=\"https:\/\/nayttelyt.arshame.com\/emmeolleetyksi\/tamminen-anne\/\">Tamminen Anne<\/a><br \/>\n<a href=\"https:\/\/nayttelyt.arshame.com\/emmeolleetyksi\/tamminen-vilja\/\">Tamminen Vilja<\/a><br \/>\n<a href=\"https:\/\/nayttelyt.arshame.com\/emmeolleetyksi\/taulu-anssi\/\">Taulu Anssi<\/a><br \/>\n<a href=\"https:\/\/nayttelyt.arshame.com\/emmeolleetyksi\/tornberg-jaakko\/\">Tornberg Jaakko<\/a><br \/>\n<a href=\"https:\/\/nayttelyt.arshame.com\/emmeolleetyksi\/vainionpaa-anniina\/\">Vainionp\u00e4\u00e4 Anniina<\/a><br \/>\n<a href=\"https:\/\/nayttelyt.arshame.com\/emmeolleetyksi\/vesalahti-mika\/\">Vesalahti Mika<\/a><br \/>\n<a href=\"https:\/\/nayttelyt.arshame.com\/emmeolleetyksi\/vyborna-turunen-jana\/\">Vyborna-Turunen Jana<\/a><\/p>\n","protected":false},"excerpt":{"rendered":"<p>Goldstone Edwina Haapaoja Sirpa Helasvuo Maija Holma Hanna Isom\u00e4ki Ahti Isom\u00e4ki Olli Karhu Mika K\u00e4rkk\u00e4inen Reijo Kiuru Satu Kolehmainen Anna Kopra Riitta Korpela Teemu Larjo Olli Laurinolli Salla Malin Sampo <a href=\"https:\/\/nayttelyt.arshame.com\/emmeolleetyksi\/taiteilijat\/\" class=\"more-link\">[&hellip;]<\/a><\/p>\n","protected":false},"author":1,"featured_media":0,"parent":0,"menu_order":0,"comment_status":"closed","ping_status":"closed","template":"","meta":{"Layout":"","footnotes":""},"class_list":["entry","author-emmeolleetyksi","post-335","page","type-page","status-publish"],"_links":{"self":[{"href":"https:\/\/nayttelyt.arshame.com\/emmeolleetyksi\/wp-json\/wp\/v2\/pages\/335","targetHints":{"allow":["GET"]}}],"collection":[{"href":"https:\/\/nayttelyt.arshame.com\/emmeolleetyksi\/wp-json\/wp\/v2\/pages"}],"about":[{"href":"https:\/\/nayttelyt.arshame.com\/emmeolleetyksi\/wp-json\/wp\/v2\/types\/page"}],"author":[{"embeddable":true,"href":"https:\/\/nayttelyt.arshame.com\/emmeolleetyksi\/wp-json\/wp\/v2\/users\/1"}],"replies":[{"embeddable":true,"href":"https:\/\/nayttelyt.arshame.com\/emmeolleetyksi\/wp-json\/wp\/v2\/comments?post=335"}],"version-history":[{"count":33,"href":"https:\/\/nayttelyt.arshame.com\/emmeolleetyksi\/wp-json\/wp\/v2\/pages\/335\/revisions"}],"predecessor-version":[{"id":967,"href":"https:\/\/nayttelyt.arshame.com\/emmeolleetyksi\/wp-json\/wp\/v2\/pages\/335\/revisions\/967"}],"wp:attachment":[{"href":"https:\/\/nayttelyt.arshame.com\/emmeolleetyksi\/wp-json\/wp\/v2\/media?parent=335"}],"curies":[{"name":"wp","href":"https:\/\/api.w.org\/{rel}","templated":true}]}}