{"id":969,"date":"2018-06-07T13:00:15","date_gmt":"2018-06-07T10:00:15","guid":{"rendered":"http:\/\/nayttelyt.arshame.com\/emmeolleetyksi\/?page_id=969"},"modified":"2018-06-14T12:50:05","modified_gmt":"2018-06-14T09:50:05","slug":"tapahtumat","status":"publish","type":"page","link":"https:\/\/nayttelyt.arshame.com\/emmeolleetyksi\/tapahtumat\/","title":{"rendered":"Tapahtumat"},"content":{"rendered":"<h5><strong><a href=\"https:\/\/nayttelyt.arshame.com\/emmeolleetyksi\/wp-content\/uploads\/2018\/06\/Matineajuliste.jpg\"><img loading=\"lazy\" decoding=\"async\" class=\"wp-image-981 size-medium alignleft\" src=\"https:\/\/nayttelyt.arshame.com\/emmeolleetyksi\/wp-content\/uploads\/2018\/06\/Matineajuliste-225x300.jpg\" alt=\"\" width=\"225\" height=\"300\" srcset=\"https:\/\/nayttelyt.arshame.com\/emmeolleetyksi\/wp-content\/uploads\/2018\/06\/Matineajuliste-225x300.jpg 225w, https:\/\/nayttelyt.arshame.com\/emmeolleetyksi\/wp-content\/uploads\/2018\/06\/Matineajuliste-768x1024.jpg 768w, https:\/\/nayttelyt.arshame.com\/emmeolleetyksi\/wp-content\/uploads\/2018\/06\/Matineajuliste-375x500.jpg 375w, https:\/\/nayttelyt.arshame.com\/emmeolleetyksi\/wp-content\/uploads\/2018\/06\/Matineajuliste.jpg 1800w\" sizes=\"auto, (max-width: 225px) 100vw, 225px\" \/><\/a>Runomatinea<\/strong><br \/>\n<strong>1918-sis\u00e4llissota 2018-arjessa, miten runo selvi\u00e4\u00e4?\u00a0<\/strong><\/h5>\n<h5><strong>6.7.2018 klo 14\u201316.15<\/strong><br \/>\n<strong>Vapaa p\u00e4\u00e4sy<\/strong><\/h5>\n<p>Omalta osaltaan t\u00e4h\u00e4n vastaa sodan p\u00e4\u00e4ttymisen 100-vuotisp\u00e4iv\u00e4n\u00e4 julkaistu runoantologia NELJ\u00c4NTEEN POLVEEN, SATA SUOMALAISTA RUNOA VUONNA 1918 + 100.<\/p>\n<p>Antologian kaikki runot esitt\u00e4\u00e4 sen toimittaja Jorma Vakkuri runomatineassa. Teoksen runoilijat ovat: Mari Hanhiniemi, Malena Lahtimies, Tuomas M\u00e4ntt\u00e4ri, Elias Sormanen, Sirkku Suontausta-Kyl\u00e4inp\u00e4\u00e4, Risto Vaissi ja Jorma Vakkuri. Kaikki runot ovat nykyarjessa mutta viittaavat sis\u00e4llissota-aiheisiin ennen sotaa, sodan aikana ja sen j\u00e4lkeen kerrannaisvaikutuksineen ja opiksiottamisineen.<\/p>\n<p>Lis\u00e4tietoja antologiasta<br \/>\n<a href=\"http:\/\/www.neljanteenpolveen.com\" target=\"_blank\" rel=\"noopener\">www.neljanteenpolveen.com<\/a><\/p>\n<p><a href=\"https:\/\/nayttelyt.arshame.com\/emmeolleetyksi\/wp-content\/uploads\/2018\/06\/JV_Riihim\u00e4ki_ohjelma-20180607.pdf\" target=\"_blank\" rel=\"noopener\">Runomatinean ohjelma<\/a><\/p>\n","protected":false},"excerpt":{"rendered":"<p>Runomatinea 1918-sis\u00e4llissota 2018-arjessa, miten runo selvi\u00e4\u00e4?\u00a0 6.7.2018 klo 14\u201316.15 Vapaa p\u00e4\u00e4sy Omalta osaltaan t\u00e4h\u00e4n vastaa sodan p\u00e4\u00e4ttymisen 100-vuotisp\u00e4iv\u00e4n\u00e4 julkaistu runoantologia NELJ\u00c4NTEEN POLVEEN, SATA SUOMALAISTA RUNOA VUONNA 1918 + 100. Antologian <a href=\"https:\/\/nayttelyt.arshame.com\/emmeolleetyksi\/tapahtumat\/\" class=\"more-link\">[&hellip;]<\/a><\/p>\n","protected":false},"author":1,"featured_media":0,"parent":0,"menu_order":0,"comment_status":"closed","ping_status":"closed","template":"","meta":{"Layout":"","footnotes":""},"class_list":["entry","author-emmeolleetyksi","post-969","page","type-page","status-publish"],"_links":{"self":[{"href":"https:\/\/nayttelyt.arshame.com\/emmeolleetyksi\/wp-json\/wp\/v2\/pages\/969","targetHints":{"allow":["GET"]}}],"collection":[{"href":"https:\/\/nayttelyt.arshame.com\/emmeolleetyksi\/wp-json\/wp\/v2\/pages"}],"about":[{"href":"https:\/\/nayttelyt.arshame.com\/emmeolleetyksi\/wp-json\/wp\/v2\/types\/page"}],"author":[{"embeddable":true,"href":"https:\/\/nayttelyt.arshame.com\/emmeolleetyksi\/wp-json\/wp\/v2\/users\/1"}],"replies":[{"embeddable":true,"href":"https:\/\/nayttelyt.arshame.com\/emmeolleetyksi\/wp-json\/wp\/v2\/comments?post=969"}],"version-history":[{"count":14,"href":"https:\/\/nayttelyt.arshame.com\/emmeolleetyksi\/wp-json\/wp\/v2\/pages\/969\/revisions"}],"predecessor-version":[{"id":985,"href":"https:\/\/nayttelyt.arshame.com\/emmeolleetyksi\/wp-json\/wp\/v2\/pages\/969\/revisions\/985"}],"wp:attachment":[{"href":"https:\/\/nayttelyt.arshame.com\/emmeolleetyksi\/wp-json\/wp\/v2\/media?parent=969"}],"curies":[{"name":"wp","href":"https:\/\/api.w.org\/{rel}","templated":true}]}}