{"id":34,"date":"2020-02-20T11:33:44","date_gmt":"2020-02-20T11:33:44","guid":{"rendered":"https:\/\/nayttelyt.arshame.com\/kohtuus2020\/?page_id=34"},"modified":"2020-05-28T12:03:12","modified_gmt":"2020-05-28T12:03:12","slug":"nayttely","status":"publish","type":"page","link":"https:\/\/nayttelyt.arshame.com\/kohtuus2020\/en\/nayttely\/","title":{"rendered":"Exhibition"},"content":{"rendered":"<p><strong>MODERATION \u2013 COOPERATION \u2013 EQUALITY<\/strong><br \/>\n<strong>27.6.\u201329.8.2020<\/strong><br \/>\nformer shopping centre Linna<br \/>\nRaatihuoneenkatu 14, H\u00e4meenlinna<\/p>\n<p>Curators: sculptor <strong>Maija Helasvuo<\/strong> and artist <strong>Marja Bonada<\/strong> (Wales).<\/p>\n<p><strong>Marja Bonada, Katie Cyfenw, Datamosh (Paul Jones and Guy Mayman), Penny Hallas, Jenni Kalsola, Mika Karhu, Tapani Kokko, Riitta Kopra, Olli Larjo, Catherine Lorent , Sampo Malin, Tom Meilleur, Tiina Nevalainen, Pilvi Ojala &amp; Anni Paunila, Jonathan Powell, Jussi Pyky, Aarno Rankka &amp; Jyrki Riekki, Antti-Ville Reinikainen, Simo Ripatti, Jasmine Roberts, Niina R\u00e4ty, Ilkka Sariola, Stoll &amp; Wachall, Juha S\u00e4\u00e4ski, Berit Talpsepp-Jaanisoo, Nora Tapper, Anssi Taulu, Pauliina Turakka-Purhonen, Anniina Vainionp\u00e4\u00e4, Veronika Witte<\/strong><\/p>\n<p>In the history of humanity there are discernible windows of time. Visual art or even hunting, which have at times been regarded as obsolete pastimes, seem to be still alive, and an essential part of human experience and survival. On the other hand, the forestry industry, which has brought unprecedented wealth to Finland, nowadays only provides employment to around 2% of the population. It could be that in future, when climate change dramatically alters our environment, it will make more sense to grow and save forest, rather than fell trees and make use of the raw material. Things that feel permanent can very quickly crumble and change. The windows of time turn out to be a lot shorter than expected, and effects that we think of as temporary, remain in permanence.<\/p>\n<p><em>\u201cFreedom, brotherhood, equality\u201d<\/em>, motto of the Enlightenment, is strongly linked to the development of individualism, which led to our culture of consumerism, and subsequently to department stores, shopping centres and the whole world of shopping. The development and patterns of behaviour should have been considered long ago, but now climate change is forcing the issue. More and more shopping centres are being built, while at the same time space in these is being released for other uses. Artists have made use of empty factory buildings before, is it now the turn of shopping centres?<\/p>\n<p>Our customs and social lives are bound up with our shopping and consuming. How to be together? How to communicate? How to cope with boredom and existential anxiety? How do we relax and enjoy ourselves? Does equality of consumption guarantee equality?<\/p>\n<p>Maija Helasvuo, Kuvanveist\u00e4j\u00e4, KuM<br \/>\nMarja Bonada, Kuvataiteilija, KuM<\/p>\n","protected":false},"excerpt":{"rendered":"<p>MODERATION \u2013 COOPERATION \u2013 EQUALITY 27.6.\u201329.8.2020 former shopping centre Linna Raatihuoneenkatu 14, H\u00e4meenlinna Curators: sculptor Maija Helasvuo and artist Marja Bonada (Wales). Marja Bonada, Katie Cyfenw, Datamosh (Paul Jones and Guy Mayman), Penny Hallas, Jenni Kalsola, Mika Karhu, Tapani Kokko, Riitta Kopra, Olli Larjo, Catherine Lorent , Sampo Malin, Tom Meilleur, Tiina Nevalainen, Pilvi Ojala [&hellip;]<\/p>\n","protected":false},"author":1,"featured_media":0,"parent":0,"menu_order":0,"comment_status":"closed","ping_status":"closed","template":"","meta":{"footnotes":""},"class_list":["post-34","page","type-page","status-publish","hentry"],"translation":{"provider":"WPGlobus","version":"3.0.2","language":"en","enabled_languages":["fi","en"],"languages":{"fi":{"title":true,"content":true,"excerpt":false},"en":{"title":true,"content":true,"excerpt":false}}},"_links":{"self":[{"href":"https:\/\/nayttelyt.arshame.com\/kohtuus2020\/en\/wp-json\/wp\/v2\/pages\/34","targetHints":{"allow":["GET"]}}],"collection":[{"href":"https:\/\/nayttelyt.arshame.com\/kohtuus2020\/en\/wp-json\/wp\/v2\/pages"}],"about":[{"href":"https:\/\/nayttelyt.arshame.com\/kohtuus2020\/en\/wp-json\/wp\/v2\/types\/page"}],"author":[{"embeddable":true,"href":"https:\/\/nayttelyt.arshame.com\/kohtuus2020\/en\/wp-json\/wp\/v2\/users\/1"}],"replies":[{"embeddable":true,"href":"https:\/\/nayttelyt.arshame.com\/kohtuus2020\/en\/wp-json\/wp\/v2\/comments?post=34"}],"version-history":[{"count":52,"href":"https:\/\/nayttelyt.arshame.com\/kohtuus2020\/en\/wp-json\/wp\/v2\/pages\/34\/revisions"}],"predecessor-version":[{"id":643,"href":"https:\/\/nayttelyt.arshame.com\/kohtuus2020\/en\/wp-json\/wp\/v2\/pages\/34\/revisions\/643"}],"wp:attachment":[{"href":"https:\/\/nayttelyt.arshame.com\/kohtuus2020\/en\/wp-json\/wp\/v2\/media?parent=34"}],"curies":[{"name":"wp","href":"https:\/\/api.w.org\/{rel}","templated":true}]}}