{"id":379,"date":"2020-02-29T12:53:04","date_gmt":"2020-02-29T12:53:04","guid":{"rendered":"https:\/\/nayttelyt.arshame.com\/kohtuus2020\/?page_id=379"},"modified":"2020-07-09T12:41:18","modified_gmt":"2020-07-09T12:41:18","slug":"yhteystiedot","status":"publish","type":"page","link":"https:\/\/nayttelyt.arshame.com\/kohtuus2020\/en\/yhteystiedot\/","title":{"rendered":"Contact"},"content":{"rendered":"<p><strong>Opening hours:<\/strong><br \/>\n27.6.\u201329.8.2020<br \/>\ntues\u2013sun 11.00 am\u20136.00 pm<\/p>\n<p><strong>Former shopping centre Linna is located at:<\/strong><br \/>\n<a href=\"https:\/\/www.google.com\/maps\/place\/Kauppakeskus+Linna\/@60.9965365,24.4627562,15z\/data=!4m5!3m4!1s0x0:0x10659fb5f065ca98!8m2!3d60.9965365!4d24.4627562\" target=\"_blank\" rel=\"noopener noreferrer\">Raatihuoneenkatu 14<br \/>\n13100 H\u00e4meenlinna<\/a><\/p>\n<p><strong>Contact Ars-H\u00e4me ry for more information:<\/strong><br \/>\nVerkatehdas<br \/>\nPaasikiventie 2<br \/>\n13200 H\u00e4meenlinna<\/p>\n<p>toiminnanjohtaja<br \/>\nSirpa Taulu<br \/>\np. 040 451 1197<br \/>\ngalleriakone(at)gmail.com<\/p>\n<p>puheenjohtaja<br \/>\nMika Karhu<br \/>\nmikarhu(at)gmail.com<\/p>\n<hr \/>\n<p>Exhibition space has surveillance cameras.<br \/>\n<a href=\"https:\/\/nayttelyt.arshame.com\/kohtuus2020\/wp-content\/uploads\/2020\/07\/Tietosuojaseloste_kameravalvonnasta.pdf\" target=\"_blank\" rel=\"noopener\"><strong>Privacy policy about surveillance (only in finnish)<\/strong><\/a><\/p>\n","protected":false},"excerpt":{"rendered":"<p>Opening hours: 27.6.\u201329.8.2020 tues\u2013sun 11.00 am\u20136.00 pm Former shopping centre Linna is located at: Raatihuoneenkatu 14 13100 H\u00e4meenlinna Contact Ars-H\u00e4me ry for more information: Verkatehdas Paasikiventie 2 13200 H\u00e4meenlinna toiminnanjohtaja Sirpa Taulu p. 040 451 1197 galleriakone(at)gmail.com puheenjohtaja Mika Karhu mikarhu(at)gmail.com Exhibition space has surveillance cameras. Privacy policy about surveillance (only in finnish)<\/p>\n","protected":false},"author":1,"featured_media":0,"parent":0,"menu_order":0,"comment_status":"closed","ping_status":"closed","template":"","meta":{"footnotes":""},"class_list":["post-379","page","type-page","status-publish","hentry"],"translation":{"provider":"WPGlobus","version":"3.0.2","language":"en","enabled_languages":["fi","en"],"languages":{"fi":{"title":true,"content":true,"excerpt":false},"en":{"title":true,"content":true,"excerpt":false}}},"_links":{"self":[{"href":"https:\/\/nayttelyt.arshame.com\/kohtuus2020\/en\/wp-json\/wp\/v2\/pages\/379","targetHints":{"allow":["GET"]}}],"collection":[{"href":"https:\/\/nayttelyt.arshame.com\/kohtuus2020\/en\/wp-json\/wp\/v2\/pages"}],"about":[{"href":"https:\/\/nayttelyt.arshame.com\/kohtuus2020\/en\/wp-json\/wp\/v2\/types\/page"}],"author":[{"embeddable":true,"href":"https:\/\/nayttelyt.arshame.com\/kohtuus2020\/en\/wp-json\/wp\/v2\/users\/1"}],"replies":[{"embeddable":true,"href":"https:\/\/nayttelyt.arshame.com\/kohtuus2020\/en\/wp-json\/wp\/v2\/comments?post=379"}],"version-history":[{"count":21,"href":"https:\/\/nayttelyt.arshame.com\/kohtuus2020\/en\/wp-json\/wp\/v2\/pages\/379\/revisions"}],"predecessor-version":[{"id":737,"href":"https:\/\/nayttelyt.arshame.com\/kohtuus2020\/en\/wp-json\/wp\/v2\/pages\/379\/revisions\/737"}],"wp:attachment":[{"href":"https:\/\/nayttelyt.arshame.com\/kohtuus2020\/en\/wp-json\/wp\/v2\/media?parent=379"}],"curies":[{"name":"wp","href":"https:\/\/api.w.org\/{rel}","templated":true}]}}