{"id":34,"date":"2020-02-20T11:33:44","date_gmt":"2020-02-20T11:33:44","guid":{"rendered":"https:\/\/nayttelyt.arshame.com\/kohtuus2020\/?page_id=34"},"modified":"2020-05-28T12:03:12","modified_gmt":"2020-05-28T12:03:12","slug":"nayttely","status":"publish","type":"page","link":"https:\/\/nayttelyt.arshame.com\/kohtuus2020\/nayttely\/","title":{"rendered":"N\u00e4yttely"},"content":{"rendered":"<p><strong>KOHTUUS \u2013 YHTEYS \u2013 TASA-ARVO<\/strong><br \/>\n<strong>27.6.\u201329.8.2020<\/strong><br \/>\nentinen Kauppakeskus Linna<br \/>\nRaatihuoneenkatu 14, H\u00e4meenlinna<\/p>\n<p>Kuraattorit: kuvanveist\u00e4j\u00e4 <strong>Maija Helasvuo<\/strong> ja kuvataiteilija <strong>Marja Bonada<\/strong> (Wales).<\/p>\n<p><strong>Marja Bonada, Katie Cyfenw, Datamosh (Paul Jones and Guy Mayman), Penny Hallas, Jenni Kalsola, Mika Karhu, Tapani Kokko, Riitta Kopra, Olli Larjo, Catherine Lorent , Sampo Malin, Tom Meilleur, Tiina Nevalainen, Pilvi Ojala &amp; Anni Paunila, Jonathan Powell, Jussi Pyky, Aarno Rankka &amp; Jyrki Riekki, Antti-Ville Reinikainen, Simo Ripatti, Jasmine Roberts, Niina R\u00e4ty, Ilkka Sariola, Stoll &amp; Wachall, Juha S\u00e4\u00e4ski, Berit Talpsepp-Jaanisoo, Nora Tapper, Anssi Taulu, Pauliina Turakka-Purhonen, Anniina Vainionp\u00e4\u00e4, Veronika Witte<\/strong><\/p>\n<p>Ihmiskunnan historiassa on havaittavissa kestoltaan erilaisia aika-ikkunoita. Maalaustaide tai vaikkapa mets\u00e4stys, joiden ajoittain v\u00e4itet\u00e4\u00e4n kuolleen, n\u00e4ytt\u00e4v\u00e4t olevan oleellinen ja sittenkin pysyv\u00e4 osa ihmisen kokemus ja selviytymismaailmaa. Toisaalta ennen n\u00e4kem\u00e4tt\u00f6m\u00e4n vaurauden Suomeen luonut mets\u00e4teollisuus muodostaa t\u00e4n\u00e4 p\u00e4iv\u00e4n\u00e4 vain parin prosentin osuuden ty\u00f6llisyydest\u00e4mme. Voi olla, ett\u00e4 tulevaisuudessa ilmaston muutoksen muuttaessa rajusti elinymp\u00e4rist\u00f6\u00e4mme mets\u00e4\u00e4 on j\u00e4rkev\u00e4mpi kasvattaa ja s\u00e4\u00e4st\u00e4\u00e4 kuin kaataa ja massoittain k\u00e4ytt\u00e4\u00e4.<\/p>\n<p>Ikuisilta tuntuvat asiat saattavat siis hyvin nopeasti murentua ja muuttua. Aika-ikkunat j\u00e4\u00e4v\u00e4t paljon oletettua lyhyemmiksi ja ilmi\u00f6t joiden ennustamme loppuvan j\u00e4\u00e4v\u00e4t pysyviksi.<\/p>\n<p>Valistuksen <em>vapaus, veljeys, tasa-arvo<\/em> on vahvasti yhteydess\u00e4 individualismin kehitykseen, joka johti kulutusyhteiskuntaan ja siten my\u00f6s tavaratalojen, ostoskeskusten ja shoppailun maailmaan. Viimeist\u00e4\u00e4n ilmastonmuutoksen my\u00f6t\u00e4 t\u00e4t\u00e4 kehityst\u00e4 ja k\u00e4yt\u00f6smallia tulisi tarkastella uudestaan. Ostoskeskuksia rakennetaan enn\u00e4tysm\u00e4\u00e4rin lis\u00e4\u00e4 ja samaan aikaan juuri niist\u00e4 vapautuu tilaa muuhun k\u00e4ytt\u00f6\u00f6n. Taiteilijat ottivat k\u00e4ytt\u00f6\u00f6ns\u00e4 tyhjentyneet tehdasrakennukset, onko nyt tyhjentyneiden ostoskeskusten vuoro?<\/p>\n<p>Ostamiseen ja kuluttamiseen on liittynyt paljon my\u00f6s sosiaalisuuden ja yhdess\u00e4olon tapoja ja tottumuksia. Miten olla yhdess\u00e4? Kuinka kommunikoida? Miten selviyty\u00e4 tylsyyden ja olemassaolon ahdistuksen kanssa? Kuinka voimme rentoutua ja pit\u00e4\u00e4 hauskaa? Onko kulutuksen tasa-arvo tasa-arvoa?<\/p>\n<p>Maija Helasvuo, Kuvanveist\u00e4j\u00e4, KuM<br \/>\nMarja Bonada, Kuvataiteilija, KuM<\/p>\n","protected":false},"excerpt":{"rendered":"<p>KOHTUUS \u2013 YHTEYS \u2013 TASA-ARVO 27.6.\u201329.8.2020 entinen Kauppakeskus Linna Raatihuoneenkatu 14, H\u00e4meenlinna Kuraattorit: kuvanveist\u00e4j\u00e4 Maija Helasvuo ja kuvataiteilija Marja Bonada (Wales). Marja Bonada, Katie Cyfenw, Datamosh (Paul Jones and Guy Mayman), Penny Hallas, Jenni Kalsola, Mika Karhu, Tapani Kokko, Riitta Kopra, Olli Larjo, Catherine Lorent , Sampo Malin, Tom Meilleur, Tiina Nevalainen, Pilvi Ojala &amp; [&hellip;]<\/p>\n","protected":false},"author":1,"featured_media":0,"parent":0,"menu_order":0,"comment_status":"closed","ping_status":"closed","template":"","meta":{"footnotes":""},"class_list":["post-34","page","type-page","status-publish","hentry"],"translation":{"provider":"WPGlobus","version":"3.0.2","language":"fi","enabled_languages":["fi","en"],"languages":{"fi":{"title":true,"content":true,"excerpt":false},"en":{"title":true,"content":true,"excerpt":false}}},"_links":{"self":[{"href":"https:\/\/nayttelyt.arshame.com\/kohtuus2020\/wp-json\/wp\/v2\/pages\/34","targetHints":{"allow":["GET"]}}],"collection":[{"href":"https:\/\/nayttelyt.arshame.com\/kohtuus2020\/wp-json\/wp\/v2\/pages"}],"about":[{"href":"https:\/\/nayttelyt.arshame.com\/kohtuus2020\/wp-json\/wp\/v2\/types\/page"}],"author":[{"embeddable":true,"href":"https:\/\/nayttelyt.arshame.com\/kohtuus2020\/wp-json\/wp\/v2\/users\/1"}],"replies":[{"embeddable":true,"href":"https:\/\/nayttelyt.arshame.com\/kohtuus2020\/wp-json\/wp\/v2\/comments?post=34"}],"version-history":[{"count":52,"href":"https:\/\/nayttelyt.arshame.com\/kohtuus2020\/wp-json\/wp\/v2\/pages\/34\/revisions"}],"predecessor-version":[{"id":643,"href":"https:\/\/nayttelyt.arshame.com\/kohtuus2020\/wp-json\/wp\/v2\/pages\/34\/revisions\/643"}],"wp:attachment":[{"href":"https:\/\/nayttelyt.arshame.com\/kohtuus2020\/wp-json\/wp\/v2\/media?parent=34"}],"curies":[{"name":"wp","href":"https:\/\/api.w.org\/{rel}","templated":true}]}}