{"id":17,"date":"2022-05-24T13:59:10","date_gmt":"2022-05-24T11:59:10","guid":{"rendered":"https:\/\/nayttelyt.arshame.com\/nayttamo2022\/contact\/"},"modified":"2022-08-26T15:21:22","modified_gmt":"2022-08-26T13:21:22","slug":"contact","status":"publish","type":"page","link":"https:\/\/nayttelyt.arshame.com\/nayttamo2022\/contact\/","title":{"rendered":"Yhteystiedot"},"content":{"rendered":"\n\n\n<h1>YHTEYSTIEDOT<\/h1>\n\n\n\n\n<h3>N\u00c4YTT\u00c4M\u00d6<br>\n19.6.\u201428.8.2022<br>\nTAITEIDEN Y\u00d6N\u00c4 PE 26.8.  AVOINNA 15-22<br>AVOINNA TI\u2014SU 11\u201418<br>VAPAA P\u00c4\u00c4SY<\/h3>\n<h4>H\u00e4meen L\u00e4\u00e4ninhallitus<\/span><br>Hallituskatu 16<br>13100 H\u00e4meenlinna<br><a href=\"https:\/\/nayttelyt.arshame.com\/nayttamo2022\/wp-content\/uploads\/2022\/07\/Saavutettavuus.pdf\" target=\"_blank\" rel=\"noopener\">N\u00e4yttelyn Saavutettavuus<\/a><\/h4>\n\n\n\n\n\n\n\n\n\n\n\n\n\n\n\n\n\n\n\n\n\n\nHallituskatu 16, H\u00e4meenlinna, Suomi\n\n\n","protected":false},"excerpt":{"rendered":"","protected":false},"author":1,"featured_media":0,"parent":0,"menu_order":0,"comment_status":"closed","ping_status":"closed","template":"","meta":{"pagelayer_contact_templates":[],"_pagelayer_content":"","footnotes":""},"class_list":["post-17","page","type-page","status-publish","hentry"],"_links":{"self":[{"href":"https:\/\/nayttelyt.arshame.com\/nayttamo2022\/wp-json\/wp\/v2\/pages\/17","targetHints":{"allow":["GET"]}}],"collection":[{"href":"https:\/\/nayttelyt.arshame.com\/nayttamo2022\/wp-json\/wp\/v2\/pages"}],"about":[{"href":"https:\/\/nayttelyt.arshame.com\/nayttamo2022\/wp-json\/wp\/v2\/types\/page"}],"author":[{"embeddable":true,"href":"https:\/\/nayttelyt.arshame.com\/nayttamo2022\/wp-json\/wp\/v2\/users\/1"}],"replies":[{"embeddable":true,"href":"https:\/\/nayttelyt.arshame.com\/nayttamo2022\/wp-json\/wp\/v2\/comments?post=17"}],"version-history":[{"count":22,"href":"https:\/\/nayttelyt.arshame.com\/nayttamo2022\/wp-json\/wp\/v2\/pages\/17\/revisions"}],"predecessor-version":[{"id":525,"href":"https:\/\/nayttelyt.arshame.com\/nayttamo2022\/wp-json\/wp\/v2\/pages\/17\/revisions\/525"}],"wp:attachment":[{"href":"https:\/\/nayttelyt.arshame.com\/nayttamo2022\/wp-json\/wp\/v2\/media?parent=17"}],"curies":[{"name":"wp","href":"https:\/\/api.w.org\/{rel}","templated":true}]}}