{"id":18,"date":"2022-05-24T13:59:10","date_gmt":"2022-05-24T11:59:10","guid":{"rendered":"https:\/\/nayttelyt.arshame.com\/nayttamo2022\/about\/"},"modified":"2022-06-05T12:51:52","modified_gmt":"2022-06-05T10:51:52","slug":"about","status":"publish","type":"page","link":"https:\/\/nayttelyt.arshame.com\/nayttamo2022\/about\/","title":{"rendered":"Tiedote"},"content":{"rendered":"\n\n\n<h1>TIEDOTE<\/h1>\n\n\n\n\n\r\n<h3>Ars-H\u00e4me ry:n kes\u00e4n\u00e4yttely<br \/>N\u00c4YTT\u00c4M\u00d6 2022<\/h3>\r\n<p>&nbsp;<\/p>\r\n<h4>nykykuvataidetta hallinnon huoneissa<\/h4>\r\n\n\n\r\n<p style=\"text-align: left; color: #5d5d5d;\">Ars-H\u00e4me ry:n vuoden 2022 kes\u00e4n\u00e4yttely rakentuu H\u00e4meen L\u00e4\u00e4ninhallituksen vanhaan p\u00e4\u00e4rakennukseen H\u00e4meenlinnan torille. N\u00e4ytt\u00e4m\u00f6 2022 esitt\u00e4\u00e4 nykykuvataiteen teoksia osana historiallista hallintokiinteist\u00f6\u00e4 ja avaa ensimm\u00e4ist\u00e4 kertaa rakennuksen ovet suurelle yleis\u00f6lle. Rakennus toimii n\u00e4ytt\u00e4m\u00f6n\u00e4 teoksien ja arkkitehtuurin keskustelulle samaan aikaan kun kuvataide toimii estradina empirerakennuksen esilletulolle.<\/p>\r\n<p>&nbsp;<\/p>\r\n<p style=\"text-align: left; color: #5d5d5d;\">L\u00e4\u00e4ninhallituksen vanha p\u00e4\u00e4rakennus valmistui vuonna 1836 ja sen on suunnitellut C.L. Engel. Kiinteist\u00f6n pihasiipi ja porrask\u00e4yt\u00e4v\u00e4t valmistuivat 1846-1898 (Caween, Dahlstr\u00f6m, Lindqvist). Engelin k\u00e4denj\u00e4lki suomalaisessa kaupunkiarkkitehtuurissa on mittava. Valtio toimeksiantajanaan h\u00e4n suunnitteli rakennuksia eri puolille Suomea ja etsi julkisille rakennuksille arkkitehtonista identiteetti\u00e4. H\u00e4meen l\u00e4\u00e4ninhallituksen taloa h\u00e4n piti er\u00e4\u00e4nlaisena normatiivisena l\u00e4\u00e4ninhallitus-rakennuksen prototyyppin\u00e4. Engelin aikana valtiojohtoisen rakentamisen suunnittelu alkoi muuttua rakennuksen toiminnan mukaiseksi. Vallan k\u00e4yt\u00f6lle alettiin rakentaa toimintaan soveltuvia vallan n\u00e4ytt\u00e4m\u00f6it\u00e4.<\/p>\r\n<p>&nbsp;<\/p>\r\n<p style=\"text-align: left; color: #5d5d5d;\">N\u00e4yttelyn kuratoivat TaM, valokuvataiteilija Aino Kannisto ja TaM, kuvataiteilija Salla Laurinolli. N\u00e4ytt\u00e4m\u00f62022 levitt\u00e4ytyy l\u00e4\u00e4ninhallitusrakennuksen torinpuoleisen osan 3 kerrokseen sek\u00e4 sis\u00e4pihan puolelle k\u00e4\u00e4ntyv\u00e4\u00e4n 2- kerroksiseen siipirakennusosaan. N\u00e4yttely on avoinna yleis\u00f6lle 19.6. \u2013 28.8.2022.<\/p>\r\n<p>&nbsp;<\/p>\r\n<p style=\"text-align: left; color: #5d5d5d;\">Ars-H\u00e4meen taiteilijat on kuratoitu n\u00e4yttelyyn hakemuksien perusteella ja mukaan on kutsuttu my\u00f6s kuvataiteen kent\u00e4n valtakunnallisia k\u00e4rkinimi\u00e4. Suurin osa n\u00e4yttelyn 28 taiteilijasta esitt\u00e4\u00e4 n\u00e4yttelyss\u00e4 uusia, vanhan l\u00e4\u00e4ninhallitusrakennuksen ehdoilla syntyneit\u00e4 tai siell\u00e4 tapahtuvia teoksia.<\/p>\r\n<p>&nbsp;<\/p>\r\n<p style=\"text-align: left; color: #5d5d5d;\">N\u00e4ytt\u00e4m\u00f6 2022 taiteilijat: Komugi Ando, Elina Autio, Jesse Avdeikov, Susanne Gottberg, Maija Helasvuo, Ismo Hyv\u00e4rinen, Mari Isotalo, Mika Karhu, Valtteri Kivel\u00e4, Jukka Korkeila, Leena Kursu, Niina Laitonen, Tuija Lampinen, Olli Larjo, Juha Laurikainen, Jemina Lindholm &amp; Kaura Raudaskoski, Katja Luoto, Tiina Nevalainen, Pilvi Ojala, Paula Ollikainen, Katri Stenberg, Saimi Suikkanen, Eeva-Kaisa Takala, Anne Tamminen, Kari Vehosalo, Jarno Vesala, Hanna Vihri\u00e4l\u00e4<\/p>\r\n<p>&nbsp;<\/p>\r\n<p style=\"text-align: left; color: #5d5d5d;\">2022 kes\u00e4n\u00e4yttelyn yhteisty\u00f6ss\u00e4 ovat mukana Ars-H\u00e4me ry, H\u00e4meenlinnan kaupunki, Senaatti-kiinteist\u00f6, Museovirasto ja Hailuodon panimo. Yhteisty\u00f6n ansiosta poikkeukselliseen milj\u00f6\u00f6seen syntyy my\u00f6s kaupunkikulttuurin paikka, sill\u00e4 H\u00e4meenlinnan kaupunki tuottaa yhdess\u00e4 kolmannen ja nelj\u00e4nnen sektorin toimijoiden kanssa sis\u00e4pihalle pienimuotoista esitystoimintaa.<\/p>\r\n<p>&nbsp;<\/p>\r\n<p style=\"text-align: left; color: #5d5d5d;\">\u00a0<\/p>\r\n\n\n\n\n\n\n\n\n\n","protected":false},"excerpt":{"rendered":"","protected":false},"author":1,"featured_media":0,"parent":0,"menu_order":0,"comment_status":"closed","ping_status":"closed","template":"","meta":{"pagelayer_contact_templates":[],"_pagelayer_content":"","footnotes":""},"class_list":["post-18","page","type-page","status-publish","hentry"],"_links":{"self":[{"href":"https:\/\/nayttelyt.arshame.com\/nayttamo2022\/wp-json\/wp\/v2\/pages\/18","targetHints":{"allow":["GET"]}}],"collection":[{"href":"https:\/\/nayttelyt.arshame.com\/nayttamo2022\/wp-json\/wp\/v2\/pages"}],"about":[{"href":"https:\/\/nayttelyt.arshame.com\/nayttamo2022\/wp-json\/wp\/v2\/types\/page"}],"author":[{"embeddable":true,"href":"https:\/\/nayttelyt.arshame.com\/nayttamo2022\/wp-json\/wp\/v2\/users\/1"}],"replies":[{"embeddable":true,"href":"https:\/\/nayttelyt.arshame.com\/nayttamo2022\/wp-json\/wp\/v2\/comments?post=18"}],"version-history":[{"count":79,"href":"https:\/\/nayttelyt.arshame.com\/nayttamo2022\/wp-json\/wp\/v2\/pages\/18\/revisions"}],"predecessor-version":[{"id":396,"href":"https:\/\/nayttelyt.arshame.com\/nayttamo2022\/wp-json\/wp\/v2\/pages\/18\/revisions\/396"}],"wp:attachment":[{"href":"https:\/\/nayttelyt.arshame.com\/nayttamo2022\/wp-json\/wp\/v2\/media?parent=18"}],"curies":[{"name":"wp","href":"https:\/\/api.w.org\/{rel}","templated":true}]}}