{"id":12138,"date":"2021-05-12T13:09:45","date_gmt":"2021-05-12T11:09:45","guid":{"rendered":"https:\/\/nayttelyt.arshame.com\/ronsy2021\/?page_id=12138"},"modified":"2021-07-24T11:10:54","modified_gmt":"2021-07-24T09:10:54","slug":"info","status":"publish","type":"page","link":"https:\/\/nayttelyt.arshame.com\/ronsy2021\/info\/","title":{"rendered":"Info &#038; Yhteystiedot"},"content":{"rendered":"\t\t<div data-elementor-type=\"wp-page\" data-elementor-id=\"12138\" class=\"elementor elementor-12138\">\n\t\t\t\t\t\t<section class=\"elementor-section elementor-top-section elementor-element elementor-element-ca5b335 elementor-section-stretched elementor-section-boxed elementor-section-height-default elementor-section-height-default\" data-id=\"ca5b335\" data-element_type=\"section\" data-e-type=\"section\" data-settings=\"{&quot;stretch_section&quot;:&quot;section-stretched&quot;,&quot;background_background&quot;:&quot;classic&quot;}\">\n\t\t\t\t\t\t\t<div class=\"elementor-background-overlay\"><\/div>\n\t\t\t\t\t\t\t<div class=\"elementor-container elementor-column-gap-default\">\n\t\t\t\t\t<div class=\"elementor-column elementor-col-100 elementor-top-column elementor-element elementor-element-c9d5fd8\" data-id=\"c9d5fd8\" data-element_type=\"column\" data-e-type=\"column\">\n\t\t\t<div class=\"elementor-widget-wrap elementor-element-populated\">\n\t\t\t\t\t\t<div class=\"elementor-element elementor-element-40912a8 elementor-widget elementor-widget-heading\" data-id=\"40912a8\" data-element_type=\"widget\" data-e-type=\"widget\" data-widget_type=\"heading.default\">\n\t\t\t\t<div class=\"elementor-widget-container\">\n\t\t\t\t\t<p class=\"elementor-heading-title elementor-size-default\">Ars-H\u00e4me ry:n kes\u00e4n\u00e4yttely 2021<\/p>\t\t\t\t<\/div>\n\t\t\t\t<\/div>\n\t\t\t\t<div class=\"elementor-element elementor-element-9d0161a elementor-widget elementor-widget-heading\" data-id=\"9d0161a\" data-element_type=\"widget\" data-e-type=\"widget\" data-widget_type=\"heading.default\">\n\t\t\t\t<div class=\"elementor-widget-container\">\n\t\t\t\t\t<p class=\"elementor-heading-title elementor-size-default\">R\u00d6NSY<\/p>\t\t\t\t<\/div>\n\t\t\t\t<\/div>\n\t\t\t\t<div class=\"elementor-element elementor-element-e50789f elementor-widget elementor-widget-heading\" data-id=\"e50789f\" data-element_type=\"widget\" data-e-type=\"widget\" data-widget_type=\"heading.default\">\n\t\t\t\t<div class=\"elementor-widget-container\">\n\t\t\t\t\t<h2 class=\"elementor-heading-title elementor-size-default\">1.7.\u201329.8.2021<\/h2>\t\t\t\t<\/div>\n\t\t\t\t<\/div>\n\t\t\t\t<div class=\"elementor-element elementor-element-f73fbc8 elementor-widget elementor-widget-heading\" data-id=\"f73fbc8\" data-element_type=\"widget\" data-e-type=\"widget\" data-widget_type=\"heading.default\">\n\t\t\t\t<div class=\"elementor-widget-container\">\n\t\t\t\t\t<p class=\"elementor-heading-title elementor-size-default\">entinen kauppakeskus Linna, H\u00e4meenlinna<\/p>\t\t\t\t<\/div>\n\t\t\t\t<\/div>\n\t\t\t\t\t<\/div>\n\t\t<\/div>\n\t\t\t\t\t<\/div>\n\t\t<\/section>\n\t\t\t\t<section class=\"elementor-section elementor-top-section elementor-element elementor-element-a22d700 elementor-section-boxed elementor-section-height-default elementor-section-height-default\" data-id=\"a22d700\" data-element_type=\"section\" data-e-type=\"section\">\n\t\t\t\t\t\t<div class=\"elementor-container elementor-column-gap-default\">\n\t\t\t\t\t<div class=\"elementor-column elementor-col-100 elementor-top-column elementor-element elementor-element-6666ae2\" data-id=\"6666ae2\" data-element_type=\"column\" data-e-type=\"column\">\n\t\t\t<div class=\"elementor-widget-wrap elementor-element-populated\">\n\t\t\t\t\t\t<div class=\"elementor-element elementor-element-0c00c39 elementor-widget elementor-widget-heading\" data-id=\"0c00c39\" data-element_type=\"widget\" data-e-type=\"widget\" data-widget_type=\"heading.default\">\n\t\t\t\t<div class=\"elementor-widget-container\">\n\t\t\t\t\t<h2 class=\"elementor-heading-title elementor-size-large\">N\u00c4YTTELY<\/h2>\t\t\t\t<\/div>\n\t\t\t\t<\/div>\n\t\t\t\t\t<\/div>\n\t\t<\/div>\n\t\t\t\t\t<\/div>\n\t\t<\/section>\n\t\t\t\t<section class=\"elementor-section elementor-top-section elementor-element elementor-element-c596b6c elementor-section-boxed elementor-section-height-default elementor-section-height-default\" data-id=\"c596b6c\" data-element_type=\"section\" data-e-type=\"section\">\n\t\t\t\t\t\t<div class=\"elementor-container elementor-column-gap-default\">\n\t\t\t\t\t<div class=\"elementor-column elementor-col-50 elementor-top-column elementor-element elementor-element-e769e91\" data-id=\"e769e91\" data-element_type=\"column\" data-e-type=\"column\">\n\t\t\t<div class=\"elementor-widget-wrap elementor-element-populated\">\n\t\t\t\t\t\t<div class=\"elementor-element elementor-element-e4b4958 elementor-widget elementor-widget-text-editor\" data-id=\"e4b4958\" data-element_type=\"widget\" data-e-type=\"widget\" data-widget_type=\"text-editor.default\">\n\t\t\t\t<div class=\"elementor-widget-container\">\n\t\t\t\t\t\t\t\t\t<p>Kes\u00e4n\u00e4yttelyss\u00e4 on esill\u00e4 nelj\u00e4nkymmenen taiteilijan teoksia Suomesta, Ruotsista, Ven\u00e4j\u00e4lt\u00e4 ja Saksasta. Noin kolmasosa taiteilijoista on Ars-H\u00e4meen j\u00e4seni\u00e4 ja loput kutsuttuja taiteilijoita. N\u00e4yttelyn teema \u2013 r\u00f6nsy \u2013 k\u00e4sittelee el\u00e4m\u00e4n runsautta olematta julistava tai poliittinen. Se antaa paljon vapauksia tekij\u00f6ille. T\u00e4m\u00e4 ei kuitenkaan tarkoita, etteik\u00f6 yksitt\u00e4isill\u00e4 taiteilijoilla olisi sanottavaa. Taiteen tekeminen on kysymysten esitt\u00e4mist\u00e4 ja vastausten etsimist\u00e4, toisin sanoen er\u00e4\u00e4nlaista ongelmanratkaisua, ja joskus keino pysy\u00e4 hengiss\u00e4. N\u00e4yttelyss\u00e4 on esill\u00e4 kolmiulotteisia tilaan rakennettuja installaatioita, veistoksia, videoprojisointeja, maalauksia sek\u00e4 grafiikkaa. Osana n\u00e4yttely\u00e4 j\u00e4rjestet\u00e4\u00e4n performanssiviikonloppu 31.7.\u20131.8.<\/p><p>Kes\u00e4n\u00e4yttelyn kuraattoreina ovat toimineet kuvataiteilijat\u00a0<b>Pilvi Ojala<\/b>\u00a0ja\u00a0<b>Pauliina Turakka Purhonen<\/b>.<\/p><p>Yhteisty\u00f6ss\u00e4 Ars-H\u00e4me ry ja H\u00e4meenlinnan kaupunki, Kortteli2.<\/p>\t\t\t\t\t\t\t\t<\/div>\n\t\t\t\t<\/div>\n\t\t\t\t\t<\/div>\n\t\t<\/div>\n\t\t\t\t<div class=\"elementor-column elementor-col-50 elementor-top-column elementor-element elementor-element-029926d\" data-id=\"029926d\" data-element_type=\"column\" data-e-type=\"column\">\n\t\t\t<div class=\"elementor-widget-wrap elementor-element-populated\">\n\t\t\t\t\t\t<div class=\"elementor-element elementor-element-033155b elementor-widget elementor-widget-image\" data-id=\"033155b\" data-element_type=\"widget\" data-e-type=\"widget\" data-widget_type=\"image.default\">\n\t\t\t\t<div class=\"elementor-widget-container\">\n\t\t\t\t\t\t\t\t\t\t\t\t\t\t\t<img fetchpriority=\"high\" decoding=\"async\" width=\"1536\" height=\"1423\" src=\"https:\/\/nayttelyt.arshame.com\/ronsy2021\/wp-content\/uploads\/2021\/05\/Ronsy_web-1536x1423.jpg\" class=\"attachment-1536x1536 size-1536x1536 wp-image-402\" alt=\"\" srcset=\"https:\/\/nayttelyt.arshame.com\/ronsy2021\/wp-content\/uploads\/2021\/05\/Ronsy_web-1536x1423.jpg 1536w, https:\/\/nayttelyt.arshame.com\/ronsy2021\/wp-content\/uploads\/2021\/05\/Ronsy_web-300x278.jpg 300w, https:\/\/nayttelyt.arshame.com\/ronsy2021\/wp-content\/uploads\/2021\/05\/Ronsy_web-1024x949.jpg 1024w, https:\/\/nayttelyt.arshame.com\/ronsy2021\/wp-content\/uploads\/2021\/05\/Ronsy_web-768x712.jpg 768w, https:\/\/nayttelyt.arshame.com\/ronsy2021\/wp-content\/uploads\/2021\/05\/Ronsy_web.jpg 1920w\" sizes=\"(max-width: 1536px) 100vw, 1536px\" \/>\t\t\t\t\t\t\t\t\t\t\t\t\t\t\t<\/div>\n\t\t\t\t<\/div>\n\t\t\t\t\t<\/div>\n\t\t<\/div>\n\t\t\t\t\t<\/div>\n\t\t<\/section>\n\t\t\t\t<section class=\"elementor-section elementor-top-section elementor-element elementor-element-cf6c180 elementor-section-boxed elementor-section-height-default elementor-section-height-default\" data-id=\"cf6c180\" data-element_type=\"section\" data-e-type=\"section\">\n\t\t\t\t\t\t<div class=\"elementor-container elementor-column-gap-default\">\n\t\t\t\t\t<div class=\"elementor-column elementor-col-100 elementor-top-column elementor-element elementor-element-ecda39b\" data-id=\"ecda39b\" data-element_type=\"column\" data-e-type=\"column\">\n\t\t\t<div class=\"elementor-widget-wrap elementor-element-populated\">\n\t\t\t\t\t\t<div class=\"elementor-element elementor-element-32e14e2 elementor-widget elementor-widget-heading\" data-id=\"32e14e2\" data-element_type=\"widget\" data-e-type=\"widget\" data-widget_type=\"heading.default\">\n\t\t\t\t<div class=\"elementor-widget-container\">\n\t\t\t\t\t<h2 class=\"elementor-heading-title elementor-size-large\">TAITEILIJAT<\/h2>\t\t\t\t<\/div>\n\t\t\t\t<\/div>\n\t\t\t\t\t<\/div>\n\t\t<\/div>\n\t\t\t\t\t<\/div>\n\t\t<\/section>\n\t\t\t\t<section class=\"elementor-section elementor-top-section elementor-element elementor-element-e3b1805 elementor-section-boxed elementor-section-height-default elementor-section-height-default\" data-id=\"e3b1805\" data-element_type=\"section\" data-e-type=\"section\">\n\t\t\t\t\t\t<div class=\"elementor-container elementor-column-gap-default\">\n\t\t\t\t\t<div class=\"elementor-column elementor-col-100 elementor-top-column elementor-element elementor-element-b609715\" data-id=\"b609715\" data-element_type=\"column\" data-e-type=\"column\">\n\t\t\t<div class=\"elementor-widget-wrap elementor-element-populated\">\n\t\t\t\t\t\t<div class=\"elementor-element elementor-element-5704dc0 elementor-widget elementor-widget-text-editor\" data-id=\"5704dc0\" data-element_type=\"widget\" data-e-type=\"widget\" data-widget_type=\"text-editor.default\">\n\t\t\t\t<div class=\"elementor-widget-container\">\n\t\t\t\t\t\t\t\t\t<p>Markku Arantila, Kaisu Aro, Elina Autio, Alex Rosa Basura, Veikko Bj\u00f6rk, Mi Duncker, Jussi Goman, Aura Hakuri &amp; Linda Granfors, Maija Helasvuo, Venla Helenius &amp; Anna-Sofia Nylund, Kirsi Jokelainen, Johannes Kangas, Justyna Koeke &amp; Mimosa Pale, Tuija Lampinen, Benjamin Phillips Nozdrachev, Tarja Nurkkala, Panu Ollikainen, Henrik Olsson, Rosaliina Paavilainen, Eeva Peura, Eija Piiroinen, Kalle Turakka Purhonen, Seppo Renvall, Simo Ripatti, Sasha ja Pasha Rotts, Tuuli Saarekas &amp; Emilia Niskasaari, Aura Saarikoski, Hanna Saarikoski, Katri Stenberg, Anssi Taulu, Emma Thomas, Minnamari Toukola, Aki Turunen, Anna Karoliina Vainio, Anniina Vainionp\u00e4\u00e4, Milja Viita<\/p><p><span style=\"color: #333333;\"><strong><a style=\"color: #333333;\" href=\"https:\/\/nayttelyt.arshame.com\/ronsy2021\/wp-content\/uploads\/2021\/06\/Taiteilijabiot-Ronsy.pdf\" target=\"_blank\" rel=\"noopener\">Katso t\u00e4st\u00e4 taiteilijoiden lyhyet biografiat.<\/a><\/strong><\/span><\/p>\t\t\t\t\t\t\t\t<\/div>\n\t\t\t\t<\/div>\n\t\t\t\t\t<\/div>\n\t\t<\/div>\n\t\t\t\t\t<\/div>\n\t\t<\/section>\n\t\t\t\t<section class=\"elementor-section elementor-top-section elementor-element elementor-element-3c40d49 elementor-section-boxed elementor-section-height-default elementor-section-height-default\" data-id=\"3c40d49\" data-element_type=\"section\" data-e-type=\"section\">\n\t\t\t\t\t\t<div class=\"elementor-container elementor-column-gap-default\">\n\t\t\t\t\t<div class=\"elementor-column elementor-col-100 elementor-top-column elementor-element elementor-element-c1142b6\" data-id=\"c1142b6\" data-element_type=\"column\" data-e-type=\"column\">\n\t\t\t<div class=\"elementor-widget-wrap elementor-element-populated\">\n\t\t\t\t\t\t<div class=\"elementor-element elementor-element-74352d1 elementor-widget elementor-widget-heading\" data-id=\"74352d1\" data-element_type=\"widget\" data-e-type=\"widget\" data-widget_type=\"heading.default\">\n\t\t\t\t<div class=\"elementor-widget-container\">\n\t\t\t\t\t<h2 class=\"elementor-heading-title elementor-size-large\">PERFORMANSSILAUANTAI 31.7.<\/h2>\t\t\t\t<\/div>\n\t\t\t\t<\/div>\n\t\t\t\t\t<\/div>\n\t\t<\/div>\n\t\t\t\t\t<\/div>\n\t\t<\/section>\n\t\t\t\t<section class=\"elementor-section elementor-top-section elementor-element elementor-element-3567c12 elementor-section-boxed elementor-section-height-default elementor-section-height-default\" data-id=\"3567c12\" data-element_type=\"section\" data-e-type=\"section\">\n\t\t\t\t\t\t<div class=\"elementor-container elementor-column-gap-default\">\n\t\t\t\t\t<div class=\"elementor-column elementor-col-100 elementor-top-column elementor-element elementor-element-d2a1e46\" data-id=\"d2a1e46\" data-element_type=\"column\" data-e-type=\"column\">\n\t\t\t<div class=\"elementor-widget-wrap elementor-element-populated\">\n\t\t\t\t\t\t<div class=\"elementor-element elementor-element-4d1c255 elementor-widget elementor-widget-text-editor\" data-id=\"4d1c255\" data-element_type=\"widget\" data-e-type=\"widget\" data-widget_type=\"text-editor.default\">\n\t\t\t\t<div class=\"elementor-widget-container\">\n\t\t\t\t\t\t\t\t\t<p><strong>Aura Hakuri &amp; Linda Granfors, Venla Helenius &amp; Anna-Sofia Nylund, Kalle &amp; Pauliina Turakka Purhonen, Sasha &amp; Pasha Rotts ja Hanna Saarikoski.<\/strong><\/p><p>Osana R\u00f6nsy-kes\u00e4n\u00e4yttely\u00e4 toteutetaan performanssilauantai 31.7. klo 12-18.<br \/>Tervetuloa el\u00e4v\u00e4n ja ajankohtaisen performanssin maailmaan entiseen kauppakeskus Linnaan hein\u00e4kuun lopussa.<\/p><p><strong><a href=\"https:\/\/nayttelyt.arshame.com\/ronsy2021\/performanssiviikonloppu-31-7-1-8-2021\/\">Tarkemmat tiedot ja ohjelma<\/a><\/strong><\/p>\t\t\t\t\t\t\t\t<\/div>\n\t\t\t\t<\/div>\n\t\t\t\t\t<\/div>\n\t\t<\/div>\n\t\t\t\t\t<\/div>\n\t\t<\/section>\n\t\t\t\t<section class=\"elementor-section elementor-top-section elementor-element elementor-element-9087940 elementor-section-boxed elementor-section-height-default elementor-section-height-default\" data-id=\"9087940\" data-element_type=\"section\" data-e-type=\"section\">\n\t\t\t\t\t\t<div class=\"elementor-container elementor-column-gap-default\">\n\t\t\t\t\t<div class=\"elementor-column elementor-col-100 elementor-top-column elementor-element elementor-element-8e73940\" data-id=\"8e73940\" data-element_type=\"column\" data-e-type=\"column\">\n\t\t\t<div class=\"elementor-widget-wrap elementor-element-populated\">\n\t\t\t\t\t\t<div class=\"elementor-element elementor-element-57c2fe9 elementor-widget elementor-widget-heading\" data-id=\"57c2fe9\" data-element_type=\"widget\" data-e-type=\"widget\" data-widget_type=\"heading.default\">\n\t\t\t\t<div class=\"elementor-widget-container\">\n\t\t\t\t\t<h2 class=\"elementor-heading-title elementor-size-large\">Sijainti &amp; Aukioloajat<\/h2>\t\t\t\t<\/div>\n\t\t\t\t<\/div>\n\t\t\t\t\t<\/div>\n\t\t<\/div>\n\t\t\t\t\t<\/div>\n\t\t<\/section>\n\t\t\t\t<section class=\"elementor-section elementor-top-section elementor-element elementor-element-287cb29 elementor-section-boxed elementor-section-height-default elementor-section-height-default\" data-id=\"287cb29\" data-element_type=\"section\" data-e-type=\"section\">\n\t\t\t\t\t\t<div class=\"elementor-container elementor-column-gap-default\">\n\t\t\t\t\t<div class=\"elementor-column elementor-col-100 elementor-top-column elementor-element elementor-element-219dd6c\" data-id=\"219dd6c\" data-element_type=\"column\" data-e-type=\"column\">\n\t\t\t<div class=\"elementor-widget-wrap elementor-element-populated\">\n\t\t\t\t\t\t<div class=\"elementor-element elementor-element-0dd6940 elementor-widget elementor-widget-text-editor\" data-id=\"0dd6940\" data-element_type=\"widget\" data-e-type=\"widget\" data-widget_type=\"text-editor.default\">\n\t\t\t\t<div class=\"elementor-widget-container\">\n\t\t\t\t\t\t\t\t\t<p>Entinen kauppakeskus Linna sijaitsee H\u00e4meenlinnassa, k\u00e4velykatu Reskalla osoitteessa <a href=\"https:\/\/www.google.com\/maps\/place\/Kauppakeskus+Linna\/@60.9965365,24.4627562,15z\/data=!4m5!3m4!1s0x0:0x10659fb5f065ca98!8m2!3d60.9965365!4d24.4627562\" target=\"_blank\" rel=\"noopener\">Raatihuoneenkatu 12, 13100 H\u00e4meenlinna.<\/a><\/p><p><span style=\"color: #333333;\"><strong>N\u00e4yttely on avoinna:<\/strong><\/span><br \/><span style=\"color: #333333;\"><strong>1.7.\u201329.8.2021<\/strong><\/span><br \/><span style=\"color: #333333;\"><strong>ti\u2013su 11\u201318<\/strong><\/span><br \/><span style=\"color: #333333;\"><strong>Vapaa p\u00e4\u00e4sy<\/strong><\/span><\/p><p>N\u00e4yttely on kahdessa kerroksessa ja liikuntarajoitteisten on mahdollista k\u00e4ytt\u00e4\u00e4 hissi\u00e4.<\/p>\t\t\t\t\t\t\t\t<\/div>\n\t\t\t\t<\/div>\n\t\t\t\t\t<\/div>\n\t\t<\/div>\n\t\t\t\t\t<\/div>\n\t\t<\/section>\n\t\t\t\t<section class=\"elementor-section elementor-top-section elementor-element elementor-element-91ce2a7 elementor-section-boxed elementor-section-height-default elementor-section-height-default\" data-id=\"91ce2a7\" data-element_type=\"section\" data-e-type=\"section\">\n\t\t\t\t\t\t<div class=\"elementor-container elementor-column-gap-default\">\n\t\t\t\t\t<div class=\"elementor-column elementor-col-100 elementor-top-column elementor-element elementor-element-746cfba\" data-id=\"746cfba\" data-element_type=\"column\" data-e-type=\"column\">\n\t\t\t<div class=\"elementor-widget-wrap elementor-element-populated\">\n\t\t\t\t\t\t<div class=\"elementor-element elementor-element-ccc00e5 elementor-widget elementor-widget-heading\" data-id=\"ccc00e5\" data-element_type=\"widget\" data-e-type=\"widget\" data-widget_type=\"heading.default\">\n\t\t\t\t<div class=\"elementor-widget-container\">\n\t\t\t\t\t<h2 class=\"elementor-heading-title elementor-size-large\">Lis\u00e4tietoja<\/h2>\t\t\t\t<\/div>\n\t\t\t\t<\/div>\n\t\t\t\t\t<\/div>\n\t\t<\/div>\n\t\t\t\t\t<\/div>\n\t\t<\/section>\n\t\t\t\t<section class=\"elementor-section elementor-top-section elementor-element elementor-element-a34727f elementor-section-boxed elementor-section-height-default elementor-section-height-default\" data-id=\"a34727f\" data-element_type=\"section\" data-e-type=\"section\">\n\t\t\t\t\t\t<div class=\"elementor-container elementor-column-gap-default\">\n\t\t\t\t\t<div class=\"elementor-column elementor-col-100 elementor-top-column elementor-element elementor-element-303d620\" data-id=\"303d620\" data-element_type=\"column\" data-e-type=\"column\">\n\t\t\t<div class=\"elementor-widget-wrap elementor-element-populated\">\n\t\t\t\t\t\t<div class=\"elementor-element elementor-element-471d69a elementor-widget elementor-widget-text-editor\" data-id=\"471d69a\" data-element_type=\"widget\" data-e-type=\"widget\" data-widget_type=\"text-editor.default\">\n\t\t\t\t<div class=\"elementor-widget-container\">\n\t\t\t\t\t\t\t\t\t<p>Pilvi Ojala<br \/>pilvi.ojala(at)gmail.com<br \/>+358 50 3791 709<\/p><p>Pauliina Turakka Purhonen<br \/>t.urakka(at)gmail.com<br \/>+358 40 0965 699<\/p>\t\t\t\t\t\t\t\t<\/div>\n\t\t\t\t<\/div>\n\t\t\t\t\t<\/div>\n\t\t<\/div>\n\t\t\t\t\t<\/div>\n\t\t<\/section>\n\t\t\t\t<\/div>\n\t\t","protected":false},"excerpt":{"rendered":"<p>Ars-H\u00e4me ry:n kes\u00e4n\u00e4yttely 2021 R\u00d6NSY 1.7.\u201329.8.2021 entinen kauppakeskus Linna, H\u00e4meenlinna N\u00c4YTTELY Kes\u00e4n\u00e4yttelyss\u00e4 on esill\u00e4 nelj\u00e4nkymmenen taiteilijan teoksia Suomesta, Ruotsista, Ven\u00e4j\u00e4lt\u00e4 ja Saksasta. Noin kolmasosa taiteilijoista on Ars-H\u00e4meen j\u00e4seni\u00e4 ja loput<\/p>\n","protected":false},"author":1,"featured_media":0,"parent":0,"menu_order":0,"comment_status":"closed","ping_status":"closed","template":"","meta":{"footnotes":""},"class_list":["post-12138","page","type-page","status-publish"],"_links":{"self":[{"href":"https:\/\/nayttelyt.arshame.com\/ronsy2021\/wp-json\/wp\/v2\/pages\/12138","targetHints":{"allow":["GET"]}}],"collection":[{"href":"https:\/\/nayttelyt.arshame.com\/ronsy2021\/wp-json\/wp\/v2\/pages"}],"about":[{"href":"https:\/\/nayttelyt.arshame.com\/ronsy2021\/wp-json\/wp\/v2\/types\/page"}],"author":[{"embeddable":true,"href":"https:\/\/nayttelyt.arshame.com\/ronsy2021\/wp-json\/wp\/v2\/users\/1"}],"replies":[{"embeddable":true,"href":"https:\/\/nayttelyt.arshame.com\/ronsy2021\/wp-json\/wp\/v2\/comments?post=12138"}],"version-history":[{"count":184,"href":"https:\/\/nayttelyt.arshame.com\/ronsy2021\/wp-json\/wp\/v2\/pages\/12138\/revisions"}],"predecessor-version":[{"id":12470,"href":"https:\/\/nayttelyt.arshame.com\/ronsy2021\/wp-json\/wp\/v2\/pages\/12138\/revisions\/12470"}],"wp:attachment":[{"href":"https:\/\/nayttelyt.arshame.com\/ronsy2021\/wp-json\/wp\/v2\/media?parent=12138"}],"curies":[{"name":"wp","href":"https:\/\/api.w.org\/{rel}","templated":true}]}}